{"id":844,"date":"2023-05-01T14:47:52","date_gmt":"2023-05-01T12:47:52","guid":{"rendered":"https:\/\/dreamteammaroc.com\/dreamteam-maroc-inicio\/"},"modified":"2025-04-29T17:57:55","modified_gmt":"2025-04-29T15:57:55","slug":"dreamteam-maroc-inicio","status":"publish","type":"page","link":"https:\/\/dreamteammaroc.com\/es\/","title":{"rendered":"Dreamteam Maroc Inicio"},"content":{"rendered":"<p>[et_pb_section fb_built=\u00bb1&#8243; _builder_version=\u00bb4.21.0&#8243; _module_preset=\u00bbdefault\u00bb background_enable_color=\u00bboff\u00bb use_background_color_gradient=\u00bbon\u00bb background_color_gradient_stops=\u00bbrgba(0,0,0,0.18) 13%|rgba(255,255,255,0) 93%\u00bb background_color_gradient_overlays_image=\u00bbon\u00bb background_image=\u00bbhttps:\/\/dreamteammaroc.com\/wp-content\/uploads\/2023\/05\/ait-ben-haddou-unesco-weltkulturerbe.jpeg\u00bb parallax=\u00bbon\u00bb global_colors_info=\u00bb{}\u00bb][et_pb_row _builder_version=\u00bb4.21.0&#8243; _module_preset=\u00bbdefault\u00bb custom_padding=\u00bb150px||150px||true|false\u00bb global_colors_info=\u00bb{}\u00bb][et_pb_column type=\u00bb4_4&#8243; _builder_version=\u00bb4.21.0&#8243; _module_preset=\u00bbdefault\u00bb global_colors_info=\u00bb{}\u00bb][et_pb_text _builder_version=\u00bb4.21.0&#8243; _module_preset=\u00bbdefault\u00bb header_font=\u00bb|600|||||||\u00bb header_text_color=\u00bb#FFFFFF\u00bb header_font_size=\u00bb4vw\u00bb header_line_height=\u00bb2em\u00bb header_2_text_color=\u00bb#FFFFFF\u00bb header_2_font_size=\u00bb2.5vw\u00bb header_2_line_height=\u00bb1.5em\u00bb header_font_size_tablet=\u00bb7vw\u00bb header_font_size_phone=\u00bb8vw\u00bb header_font_size_last_edited=\u00bbon|desktop\u00bb header_2_font_size_tablet=\u00bb5vw\u00bb header_2_font_size_phone=\u00bb6vw\u00bb header_2_font_size_last_edited=\u00bbon|phone\u00bb global_colors_info=\u00bb{}\u00bb]<\/p>\n<h1>Dream Team Marruecos<\/h1>\n<h2>Descubra la magia de la cultura bereber<\/h2>\n<p>[\/et_pb_text][\/et_pb_column][\/et_pb_row][\/et_pb_section][et_pb_section fb_built=\u00bb1&#8243; _builder_version=\u00bb4.21.0&#8243; _module_preset=\u00bbdefault\u00bb background_color=\u00bb#4486DA\u00bb global_colors_info=\u00bb{}\u00bb][et_pb_row column_structure=\u00bb2_5,3_5&#8243; _builder_version=\u00bb4.21.0&#8243; _module_preset=\u00bbdefault\u00bb global_colors_info=\u00bb{}\u00bb][et_pb_column type=\u00bb2_5&#8243; _builder_version=\u00bb4.21.0&#8243; _module_preset=\u00bbdefault\u00bb global_colors_info=\u00bb{}\u00bb][et_pb_text _builder_version=\u00bb4.21.0&#8243; _module_preset=\u00bbdefault\u00bb header_3_font=\u00bb|600||on|||||\u00bb header_3_text_color=\u00bb#FFFFFF\u00bb header_3_line_height=\u00bb2em\u00bb global_colors_info=\u00bb{}\u00bb]<\/p>\n<h3>Conozca Marruecos desde su fascinante lado<\/h3>\n<p>[\/et_pb_text][\/et_pb_column][et_pb_column type=\u00bb3_5&#8243; _builder_version=\u00bb4.21.0&#8243; _module_preset=\u00bbdefault\u00bb global_colors_info=\u00bb{}\u00bb][et_pb_text _builder_version=\u00bb4.21.0&#8243; _module_preset=\u00bbdefault\u00bb text_text_color=\u00bb#FFFFFF\u00bb text_font_size=\u00bb20px\u00bb text_line_height=\u00bb1.5em\u00bb global_colors_info=\u00bb{}\u00bb]<\/p>\n<p>Dreamteam Maroc le ofrece inolvidables visitas guiadas por Marruecos. Descubra la fascinante cultura de los bereberes, practique senderismo por la impresionante naturaleza y d\u00e9jese inspirar por la diversidad culinaria del pa\u00eds. Astrid y Rachid le acompa\u00f1ar\u00e1n durante todo el recorrido y le mostrar\u00e1n la belleza de Marruecos.<\/p>\n<p>[\/et_pb_text][\/et_pb_column][\/et_pb_row][\/et_pb_section][et_pb_section fb_built=\u00bb1&#8243; _builder_version=\u00bb4.21.0&#8243; _module_preset=\u00bbdefault\u00bb background_image=\u00bbhttps:\/\/dreamteammaroc.com\/wp-content\/uploads\/2023\/05\/berber-und-kamele-wuestentour-marokko.jpg\u00bb parallax=\u00bbon\u00bb parallax_method=\u00bboff\u00bb background_blend=\u00bbmultiply\u00bb custom_padding=\u00bb110px||110px||true|false\u00bb global_colors_info=\u00bb{}\u00bb][et_pb_row _builder_version=\u00bb4.21.0&#8243; _module_preset=\u00bbdefault\u00bb global_colors_info=\u00bb{}\u00bb][et_pb_column type=\u00bb4_4&#8243; _builder_version=\u00bb4.21.0&#8243; _module_preset=\u00bbdefault\u00bb global_colors_info=\u00bb{}\u00bb][et_pb_divider show_divider=\u00bboff\u00bb _builder_version=\u00bb4.21.0&#8243; _module_preset=\u00bbdefault\u00bb custom_padding=\u00bb100px||100px||true|false\u00bb global_colors_info=\u00bb{}\u00bb][\/et_pb_divider][\/et_pb_column][\/et_pb_row][\/et_pb_section][et_pb_section fb_built=\u00bb1&#8243; _builder_version=\u00bb4.21.0&#8243; _module_preset=\u00bbdefault\u00bb background_color=\u00bb#4486DA\u00bb background_enable_image=\u00bboff\u00bb background_position=\u00bbbottom_center\u00bb custom_padding=\u00bb80px||80px|||\u00bb global_colors_info=\u00bb{}\u00bb][et_pb_row column_structure=\u00bb2_5,3_5&#8243; _builder_version=\u00bb4.21.0&#8243; _module_preset=\u00bbdefault\u00bb global_colors_info=\u00bb{}\u00bb][et_pb_column type=\u00bb2_5&#8243; _builder_version=\u00bb4.21.0&#8243; _module_preset=\u00bbdefault\u00bb global_colors_info=\u00bb{}\u00bb][et_pb_text _builder_version=\u00bb4.21.0&#8243; _module_preset=\u00bbdefault\u00bb header_3_font=\u00bb|600||on|||||\u00bb header_3_text_color=\u00bb#FFFFFF\u00bb header_3_line_height=\u00bb2em\u00bb global_colors_info=\u00bb{}\u00bb]<\/p>\n<h3>\n<h3>Descubra el aut\u00e9ntico Marruecos &#8211; Un viaje lleno de aventura y cultura<\/h3>\n<\/h3>\n<p>[\/et_pb_text][\/et_pb_column][et_pb_column type=\u00bb3_5&#8243; _builder_version=\u00bb4.21.0&#8243; _module_preset=\u00bbdefault\u00bb global_colors_info=\u00bb{}\u00bb][et_pb_text _builder_version=\u00bb4.21.0&#8243; _module_preset=\u00bbdefault\u00bb text_text_color=\u00bb#FFFFFF\u00bb text_font_size=\u00bb20px\u00bb text_line_height=\u00bb1.5em\u00bb global_colors_info=\u00bb{}\u00bb]<\/p>\n<p>Pase diez d\u00edas llenos de aventura, diversi\u00f3n y relax en uno de los pa\u00edses m\u00e1s bellos del norte de \u00c1frica. Disfrute de los impresionantes paisajes des\u00e9rticos, visite ciudades hist\u00f3ricas como Marrakech y d\u00e9jese hechizar por la hospitalidad de los lugare\u00f1os. Nuestros viajes son perfectos para quienes desean vivir el aut\u00e9ntico Marruecos y crear recuerdos inolvidables.<\/p>\n<p>[\/et_pb_text][et_pb_button button_url=\u00bbhttps:\/\/dreamteammaroc.com\/es\/ida-y-vuelta\/\u00bb button_text=\u00bbLa gira\u00bb button_alignment=\u00bbcenter\u00bb _builder_version=\u00bb4.21.0&#8243; _module_preset=\u00bbdefault\u00bb global_colors_info=\u00bb{}\u00bb][\/et_pb_button][\/et_pb_column][\/et_pb_row][\/et_pb_section][et_pb_section fb_built=\u00bb1&#8243; _builder_version=\u00bb4.21.0&#8243; _module_preset=\u00bbdefault\u00bb global_colors_info=\u00bb{}\u00bb][et_pb_row column_structure=\u00bb1_3,1_3,1_3&#8243; _builder_version=\u00bb4.21.0&#8243; _module_preset=\u00bbdefault\u00bb global_colors_info=\u00bb{}\u00bb][et_pb_column type=\u00bb1_3&#8243; _builder_version=\u00bb4.21.0&#8243; _module_preset=\u00bbdefault\u00bb global_colors_info=\u00bb{}\u00bb][et_pb_image src=\u00bbhttps:\/\/dreamteammaroc.com\/wp-content\/uploads\/2023\/05\/berber-lager-nacht-wueste-marokko.jpg\u00bb alt=\u00bbPasar la noche en un campamento bereber en Marruecos\u00bb title_text=\u00bbUna noche bajo las estrellas en el campamento bereber de Marruecos\u00bb _builder_version=\u00bb4.21.0&#8243; _module_preset=\u00bbdefault\u00bb animation_style=\u00bbfold\u00bb animation_duration=\u00bb1200ms\u00bb animation_starting_opacity=\u00bb10%\u00bb animation_speed_curve=\u00bbease-in\u00bb box_shadow_style=\u00bbpreset2&#8243; global_colors_info=\u00bb{}\u00bb][\/et_pb_image][\/et_pb_column][et_pb_column type=\u00bb1_3&#8243; _builder_version=\u00bb4.21.0&#8243; _module_preset=\u00bbdefault\u00bb global_colors_info=\u00bb{}\u00bb][et_pb_image src=\u00bbhttps:\/\/dreamteammaroc.com\/wp-content\/uploads\/2023\/05\/berberin-kuerbiskerne-bearbeiten-marokko.jpg\u00bb alt=\u00bbMujer bereber trabajando con semillas de calabaza en Marruecos\u00bb title_text=\u00bbArtesan\u00eda tradicional en Marruecos: mujer bereber trabajando las semillas de calabaza\u00bb _builder_version=\u00bb4.21.0&#8243; _module_preset=\u00bbdefault\u00bb animation_style=\u00bbfold\u00bb animation_duration=\u00bb1200ms\u00bb animation_starting_opacity=\u00bb10%\u00bb animation_speed_curve=\u00bbease-in\u00bb box_shadow_style=\u00bbpreset2&#8243; global_colors_info=\u00bb{}\u00bb][\/et_pb_image][\/et_pb_column][et_pb_column type=\u00bb1_3&#8243; _builder_version=\u00bb4.21.0&#8243; _module_preset=\u00bbdefault\u00bb global_colors_info=\u00bb{}\u00bb][et_pb_image src=\u00bbhttps:\/\/dreamteammaroc.com\/wp-content\/uploads\/2023\/05\/gemeinsames-essen-marokko-dreamteam-maroc.jpg\u00bb alt=\u00bbComer juntos en Marruecos con Dreamteam Maroc\u00bb title_text=\u00bbComparte la comida y la cultura en el Dreamteam Maroc de Marruecos\u00bb _builder_version=\u00bb4.21.0&#8243; _module_preset=\u00bbdefault\u00bb animation_style=\u00bbfold\u00bb animation_duration=\u00bb1200ms\u00bb animation_starting_opacity=\u00bb10%\u00bb animation_speed_curve=\u00bbease-in\u00bb box_shadow_style=\u00bbpreset2&#8243; global_colors_info=\u00bb{}\u00bb][\/et_pb_image][\/et_pb_column][\/et_pb_row][\/et_pb_section][et_pb_section fb_built=\u00bb1&#8243; _builder_version=\u00bb4.21.0&#8243; _module_preset=\u00bbdefault\u00bb background_color=\u00bb#4486DA\u00bb global_colors_info=\u00bb{}\u00bb][et_pb_row column_structure=\u00bb2_5,3_5&#8243; _builder_version=\u00bb4.21.0&#8243; _module_preset=\u00bbdefault\u00bb global_colors_info=\u00bb{}\u00bb][et_pb_column type=\u00bb2_5&#8243; _builder_version=\u00bb4.21.0&#8243; _module_preset=\u00bbdefault\u00bb global_colors_info=\u00bb{}\u00bb][et_pb_text _builder_version=\u00bb4.21.0&#8243; _module_preset=\u00bbdefault\u00bb header_3_font=\u00bb|600||on|||||\u00bb header_3_text_color=\u00bb#FFFFFF\u00bb header_3_line_height=\u00bb2em\u00bb global_colors_info=\u00bb{}\u00bb]<\/p>\n<h3>Viva la aventura de su vida y reserve ya su viaje a Marruecos.<\/h3>\n<p>[\/et_pb_text][\/et_pb_column][et_pb_column type=\u00bb3_5&#8243; _builder_version=\u00bb4.21.0&#8243; _module_preset=\u00bbdefault\u00bb global_colors_info=\u00bb{}\u00bb][et_pb_text _builder_version=\u00bb4.21.0&#8243; _module_preset=\u00bbdefault\u00bb text_text_color=\u00bb#FFFFFF\u00bb text_font_size=\u00bb20px\u00bb text_line_height=\u00bb1.5em\u00bb global_colors_info=\u00bb{}\u00bb]Reserve hoy mismo su viaje de ensue\u00f1o a Marruecos con Dreamteam Maroc y d\u00e9jese llevar a otro mundo. Estamos deseando presentarle el pa\u00eds de los bereberes.[\/et_pb_text][et_pb_button button_url=\u00bbhttps:\/\/dreamteammaroc.com\/es\/contacte-con\/\u00bb button_text=\u00bbReserve\u00bb button_alignment=\u00bbcenter\u00bb _builder_version=\u00bb4.21.0&#8243; _module_preset=\u00bbdefault\u00bb global_colors_info=\u00bb{}\u00bb][\/et_pb_button][\/et_pb_column][\/et_pb_row][\/et_pb_section][et_pb_section fb_built=\u00bb1&#8243; _builder_version=\u00bb4.21.0&#8243; _module_preset=\u00bbdefault\u00bb background_enable_image=\u00bboff\u00bb global_colors_info=\u00bb{}\u00bb][et_pb_row _builder_version=\u00bb4.21.0&#8243; _module_preset=\u00bbdefault\u00bb global_colors_info=\u00bb{}\u00bb][et_pb_column type=\u00bb4_4&#8243; _builder_version=\u00bb4.21.0&#8243; _module_preset=\u00bbdefault\u00bb global_colors_info=\u00bb{}\u00bb][et_pb_text _builder_version=\u00bb4.21.0&#8243; _module_preset=\u00bbdefault\u00bb header_2_font=\u00bb|600||on|||||\u00bb header_2_text_align=\u00bbcenter\u00bb header_2_text_color=\u00bb#000000&#8243; header_2_line_height=\u00bb1.5em\u00bb global_colors_info=\u00bb{}\u00bb]<\/p>\n<h2>Testimonios de nuestros participantes<\/h2>\n<p>[\/et_pb_text][\/et_pb_column][\/et_pb_row][et_pb_row column_structure=\u00bb1_3,1_3,1_3&#8243; _builder_version=\u00bb4.21.0&#8243; _module_preset=\u00bbdefault\u00bb global_colors_info=\u00bb{}\u00bb][et_pb_column type=\u00bb1_3&#8243; _builder_version=\u00bb4.21.0&#8243; _module_preset=\u00bbdefault\u00bb global_colors_info=\u00bb{}\u00bb][et_pb_testimonial author=\u00bbSylvia\u00bb portrait_url=\u00bbhttps:\/\/dreamteammaroc.com\/wp-content\/uploads\/2023\/05\/testimoial_1.jpeg\u00bb quote_icon_color=\u00bbrgba(0,0,0,0)\u00bb quote_icon_background_color=\u00bbrgba(0,0,0,0)\u00bb _builder_version=\u00bb4.21.0&#8243; body_font=\u00bb||||||||\u00bb body_line_height=\u00bb2em\u00bb use_background_color=\u00bboff\u00bb box_shadow_style_image=\u00bbpreset3&#8243; locked=\u00bboff\u00bb global_colors_info=\u00bb{}\u00bb]<\/p>\n<p>\u00abPude vivir una experiencia de ida y vuelta con Astrid y Rachid en 2017\/18. Fue una visita fant\u00e1stica con dos gu\u00edas muy atentos. El pa\u00eds y la gente me fascinaron, al igual que Astrid y Rachid. Volver\u00eda a hacer una gira con ellos en cualquier momento\u00bb.<\/p>\n<p>[\/et_pb_testimonial][\/et_pb_column][et_pb_column type=\u00bb1_3&#8243; _builder_version=\u00bb4.21.0&#8243; _module_preset=\u00bbdefault\u00bb global_colors_info=\u00bb{}\u00bb][et_pb_testimonial author=\u00bbJohannes\u00bb portrait_url=\u00bbhttps:\/\/dreamteammaroc.com\/wp-content\/uploads\/2023\/05\/testimonial_2.jpeg\u00bb quote_icon_color=\u00bbrgba(0,0,0,0)\u00bb quote_icon_background_color=\u00bbrgba(0,0,0,0)\u00bb _builder_version=\u00bb4.21.0&#8243; body_font=\u00bb||||||||\u00bb body_line_height=\u00bb2em\u00bb use_background_color=\u00bboff\u00bb box_shadow_style_image=\u00bbpreset3&#8243; locked=\u00bboff\u00bb global_colors_info=\u00bb{}\u00bb]<\/p>\n<p>\u00ab<span>Dream Team Maroc es la mejor organizaci\u00f3n de viajes, si de verdad quieres sumergirte de lleno en la cultura marroqu\u00ed. Te llevan a lugares donde no ir\u00edas como turista normal. Recomiendo Dream Team Maroc a todos los que quieran ver y sentir la belleza del pa\u00eds. 10\/10<\/span>\u00ab<\/p>\n<p>[\/et_pb_testimonial][\/et_pb_column][et_pb_column type=\u00bb1_3&#8243; _builder_version=\u00bb4.21.0&#8243; _module_preset=\u00bbdefault\u00bb global_colors_info=\u00bb{}\u00bb][et_pb_testimonial author=\u00bbMichael\u00bb portrait_url=\u00bbhttps:\/\/dreamteammaroc.com\/wp-content\/uploads\/2023\/05\/testimonial_3.jpeg\u00bb quote_icon_color=\u00bbrgba(0,0,0,0)\u00bb quote_icon_background_color=\u00bbrgba(0,0,0,0)\u00bb _builder_version=\u00bb4.21.0&#8243; body_font=\u00bb||||||||\u00bb body_line_height=\u00bb2em\u00bb use_background_color=\u00bboff\u00bb box_shadow_style_image=\u00bbpreset3&#8243; locked=\u00bboff\u00bb global_colors_info=\u00bb{}\u00bb]<\/p>\n<p>\u00ab<span>Era mi primera vez en Marruecos y me sent\u00ed absolutamente arropada. El competente gu\u00eda tur\u00edstico de Rachid me aport\u00f3 conocimientos incre\u00edbles y volv\u00ed totalmente enriquecido culturalmente. Puedo recomendar el Dream Team a cualquiera que tenga la conciencia tranquila.<\/span>.\u00bb<\/p>\n<p>[\/et_pb_testimonial][\/et_pb_column][\/et_pb_row][\/et_pb_section][et_pb_section fb_built=\u00bb1&#8243; _builder_version=\u00bb4.21.0&#8243; _module_preset=\u00bbdefault\u00bb background_color=\u00bb#4486DA\u00bb background_image=\u00bbhttps:\/\/dreamteammaroc.com\/wp-content\/uploads\/2023\/05\/Maroc_Background.png\u00bb parallax=\u00bbon\u00bb parallax_method=\u00bboff\u00bb background_blend=\u00bbscreen\u00bb global_colors_info=\u00bb{}\u00bb][et_pb_row _builder_version=\u00bb4.21.0&#8243; _module_preset=\u00bbdefault\u00bb global_colors_info=\u00bb{}\u00bb][et_pb_column type=\u00bb4_4&#8243; _builder_version=\u00bb4.21.0&#8243; _module_preset=\u00bbdefault\u00bb global_colors_info=\u00bb{}\u00bb][et_pb_text _builder_version=\u00bb4.21.0&#8243; _module_preset=\u00bbdefault\u00bb text_text_color=\u00bb#FFFFFF\u00bb text_font_size=\u00bb24px\u00bb text_line_height=\u00bb1.5em\u00bb text_orientation=\u00bbcenter\u00bb global_colors_info=\u00bb{}\u00bb]<\/p>\n<p>Reserve ya su viaje a Marruecos y descubra la fascinante cultura bereber, viva inolvidables aventuras en el desierto y disfrute de la diversidad culinaria del pa\u00eds. Deje que Dreamteam Maroc le lleve a otro mundo y cree recuerdos inolvidables.<\/p>\n<p>\u00bfA qu\u00e9 espera?<\/p>\n<p>Reserve ahora y viva la aventura de su vida.<\/p>\n<p>[\/et_pb_text][et_pb_button button_url=\u00bbhttps:\/\/dreamteammaroc.com\/es\/contacte-con\/\u00bb button_text=\u00bbReserve\u00bb button_alignment=\u00bbcenter\u00bb _builder_version=\u00bb4.21.0&#8243; _module_preset=\u00bbdefault\u00bb global_colors_info=\u00bb{}\u00bb][\/et_pb_button][\/et_pb_column][\/et_pb_row][\/et_pb_section]<\/p>\n","protected":false},"excerpt":{"rendered":"<p>Dream Team Marruecos Descubra la magia de la cultura bereberConozca Marruecos desde su fascinante ladoDreamteam Maroc le ofrece inolvidables visitas guiadas por Marruecos. Descubra la fascinante cultura de los bereberes, practique senderismo por la impresionante naturaleza y d\u00e9jese inspirar por la diversidad culinaria del pa\u00eds. Astrid y Rachid le acompa\u00f1ar\u00e1n durante todo el recorrido y [&hellip;]<\/p>\n","protected":false},"author":1,"featured_media":842,"parent":0,"menu_order":0,"comment_status":"closed","ping_status":"closed","template":"","meta":{"_et_pb_use_builder":"on","_et_pb_old_content":"","_et_gb_content_width":"","footnotes":""},"class_list":["post-844","page","type-page","status-publish","has-post-thumbnail","hentry"],"yoast_head":"<!-- This site is optimized with the Yoast SEO plugin v27.3 - https:\/\/yoast.com\/product\/yoast-seo-wordpress\/ -->\n<title>Dreamteam Maroc - Tour por el desierto de Marruecos \ud83d\udc2a Experimenta la cultura bereber<\/title>\n<meta name=\"description\" content=\"Descubra inolvidables circuitos por el desierto de Marruecos con Dreamteam Maroc. Conozca la fascinante cultura bereber \ud83d\udc2b\ud83c\udf35 y sum\u00e9rjase en aut\u00e9nticas experiencias de viaje. Reserve ya su viaje de aventura por el m\u00e1gico desierto marroqu\u00ed. \ud83c\udf05\ud83c\udfdc\ufe0f\" \/>\n<meta name=\"robots\" content=\"index, follow, max-snippet:-1, max-image-preview:large, max-video-preview:-1\" \/>\n<link rel=\"canonical\" href=\"https:\/\/dreamteammaroc.com\/es\/\" \/>\n<meta property=\"og:locale\" content=\"es_ES\" \/>\n<meta property=\"og:type\" content=\"article\" \/>\n<meta property=\"og:title\" content=\"Dreamteam Maroc - Tour por el desierto de Marruecos \ud83d\udc2a Experimenta la cultura bereber\" \/>\n<meta property=\"og:description\" content=\"Descubra inolvidables circuitos por el desierto de Marruecos con Dreamteam Maroc. Conozca la fascinante cultura bereber \ud83d\udc2b\ud83c\udf35 y sum\u00e9rjase en aut\u00e9nticas experiencias de viaje. Reserve ya su viaje de aventura por el m\u00e1gico desierto marroqu\u00ed. \ud83c\udf05\ud83c\udfdc\ufe0f\" \/>\n<meta property=\"og:url\" content=\"https:\/\/dreamteammaroc.com\/es\/\" \/>\n<meta property=\"og:site_name\" content=\"Dreamteam Maroc\" \/>\n<meta property=\"article:modified_time\" content=\"2025-04-29T15:57:55+00:00\" \/>\n<meta property=\"og:image\" content=\"https:\/\/dreamteammaroc.com\/wp-content\/uploads\/2023\/05\/Dreamteam-Maroc-facebook-1024x538.jpg\" \/>\n<meta name=\"twitter:card\" content=\"summary_large_image\" \/>\n<meta name=\"twitter:label1\" content=\"Tiempo de lectura\" \/>\n\t<meta name=\"twitter:data1\" content=\"9 minutos\" \/>\n<script type=\"application\/ld+json\" class=\"yoast-schema-graph\">{\"@context\":\"https:\\\/\\\/schema.org\",\"@graph\":[{\"@type\":\"WebPage\",\"@id\":\"https:\\\/\\\/dreamteammaroc.com\\\/es\\\/\",\"url\":\"https:\\\/\\\/dreamteammaroc.com\\\/es\\\/\",\"name\":\"Dreamteam Maroc - Tour por el desierto de Marruecos \ud83d\udc2a Experimenta la cultura bereber\",\"isPartOf\":{\"@id\":\"https:\\\/\\\/dreamteammaroc.com\\\/es\\\/#website\"},\"primaryImageOfPage\":{\"@id\":\"https:\\\/\\\/dreamteammaroc.com\\\/es\\\/#primaryimage\"},\"image\":{\"@id\":\"https:\\\/\\\/dreamteammaroc.com\\\/es\\\/#primaryimage\"},\"thumbnailUrl\":\"https:\\\/\\\/dreamteammaroc.com\\\/wp-content\\\/uploads\\\/2023\\\/05\\\/Dreamteam-Maroc-facebook.jpg\",\"datePublished\":\"2023-05-01T12:47:52+00:00\",\"dateModified\":\"2025-04-29T15:57:55+00:00\",\"description\":\"Descubra inolvidables circuitos por el desierto de Marruecos con Dreamteam Maroc. Conozca la fascinante cultura bereber \ud83d\udc2b\ud83c\udf35 y sum\u00e9rjase en aut\u00e9nticas experiencias de viaje. Reserve ya su viaje de aventura por el m\u00e1gico desierto marroqu\u00ed. \ud83c\udf05\ud83c\udfdc\ufe0f\",\"breadcrumb\":{\"@id\":\"https:\\\/\\\/dreamteammaroc.com\\\/es\\\/#breadcrumb\"},\"inLanguage\":\"es\",\"potentialAction\":[{\"@type\":\"ReadAction\",\"target\":[\"https:\\\/\\\/dreamteammaroc.com\\\/es\\\/\"]}]},{\"@type\":\"ImageObject\",\"inLanguage\":\"es\",\"@id\":\"https:\\\/\\\/dreamteammaroc.com\\\/es\\\/#primaryimage\",\"url\":\"https:\\\/\\\/dreamteammaroc.com\\\/wp-content\\\/uploads\\\/2023\\\/05\\\/Dreamteam-Maroc-facebook.jpg\",\"contentUrl\":\"https:\\\/\\\/dreamteammaroc.com\\\/wp-content\\\/uploads\\\/2023\\\/05\\\/Dreamteam-Maroc-facebook.jpg\",\"width\":1200,\"height\":630},{\"@type\":\"BreadcrumbList\",\"@id\":\"https:\\\/\\\/dreamteammaroc.com\\\/es\\\/#breadcrumb\",\"itemListElement\":[{\"@type\":\"ListItem\",\"position\":1,\"name\":\"Startseite\",\"item\":\"https:\\\/\\\/dreamteammaroc.com\\\/es\\\/dreamteam-maroc-inicio\\\/\"},{\"@type\":\"ListItem\",\"position\":2,\"name\":\"Dreamteam Maroc Inicio\"}]},{\"@type\":\"WebSite\",\"@id\":\"https:\\\/\\\/dreamteammaroc.com\\\/es\\\/#website\",\"url\":\"https:\\\/\\\/dreamteammaroc.com\\\/es\\\/\",\"name\":\"Dreamteam Maroc\",\"description\":\"Entdecke die faszinierende Berber-Kultur auf unseren 10-t\u00e4gigen gef\u00fchrten Touren durch Marokko.\",\"potentialAction\":[{\"@type\":\"SearchAction\",\"target\":{\"@type\":\"EntryPoint\",\"urlTemplate\":\"https:\\\/\\\/dreamteammaroc.com\\\/es\\\/?s={search_term_string}\"},\"query-input\":{\"@type\":\"PropertyValueSpecification\",\"valueRequired\":true,\"valueName\":\"search_term_string\"}}],\"inLanguage\":\"es\"}]}<\/script>\n<!-- \/ Yoast SEO plugin. -->","yoast_head_json":{"title":"Dreamteam Maroc - Tour por el desierto de Marruecos \ud83d\udc2a Experimenta la cultura bereber","description":"Descubra inolvidables circuitos por el desierto de Marruecos con Dreamteam Maroc. Conozca la fascinante cultura bereber \ud83d\udc2b\ud83c\udf35 y sum\u00e9rjase en aut\u00e9nticas experiencias de viaje. Reserve ya su viaje de aventura por el m\u00e1gico desierto marroqu\u00ed. \ud83c\udf05\ud83c\udfdc\ufe0f","robots":{"index":"index","follow":"follow","max-snippet":"max-snippet:-1","max-image-preview":"max-image-preview:large","max-video-preview":"max-video-preview:-1"},"canonical":"https:\/\/dreamteammaroc.com\/es\/","og_locale":"es_ES","og_type":"article","og_title":"Dreamteam Maroc - Tour por el desierto de Marruecos \ud83d\udc2a Experimenta la cultura bereber","og_description":"Descubra inolvidables circuitos por el desierto de Marruecos con Dreamteam Maroc. Conozca la fascinante cultura bereber \ud83d\udc2b\ud83c\udf35 y sum\u00e9rjase en aut\u00e9nticas experiencias de viaje. Reserve ya su viaje de aventura por el m\u00e1gico desierto marroqu\u00ed. \ud83c\udf05\ud83c\udfdc\ufe0f","og_url":"https:\/\/dreamteammaroc.com\/es\/","og_site_name":"Dreamteam Maroc","article_modified_time":"2025-04-29T15:57:55+00:00","og_image":[{"url":"https:\/\/dreamteammaroc.com\/wp-content\/uploads\/2023\/05\/Dreamteam-Maroc-facebook-1024x538.jpg","type":"","width":"","height":""}],"twitter_card":"summary_large_image","twitter_misc":{"Tiempo de lectura":"9 minutos"},"schema":{"@context":"https:\/\/schema.org","@graph":[{"@type":"WebPage","@id":"https:\/\/dreamteammaroc.com\/es\/","url":"https:\/\/dreamteammaroc.com\/es\/","name":"Dreamteam Maroc - Tour por el desierto de Marruecos \ud83d\udc2a Experimenta la cultura bereber","isPartOf":{"@id":"https:\/\/dreamteammaroc.com\/es\/#website"},"primaryImageOfPage":{"@id":"https:\/\/dreamteammaroc.com\/es\/#primaryimage"},"image":{"@id":"https:\/\/dreamteammaroc.com\/es\/#primaryimage"},"thumbnailUrl":"https:\/\/dreamteammaroc.com\/wp-content\/uploads\/2023\/05\/Dreamteam-Maroc-facebook.jpg","datePublished":"2023-05-01T12:47:52+00:00","dateModified":"2025-04-29T15:57:55+00:00","description":"Descubra inolvidables circuitos por el desierto de Marruecos con Dreamteam Maroc. Conozca la fascinante cultura bereber \ud83d\udc2b\ud83c\udf35 y sum\u00e9rjase en aut\u00e9nticas experiencias de viaje. Reserve ya su viaje de aventura por el m\u00e1gico desierto marroqu\u00ed. \ud83c\udf05\ud83c\udfdc\ufe0f","breadcrumb":{"@id":"https:\/\/dreamteammaroc.com\/es\/#breadcrumb"},"inLanguage":"es","potentialAction":[{"@type":"ReadAction","target":["https:\/\/dreamteammaroc.com\/es\/"]}]},{"@type":"ImageObject","inLanguage":"es","@id":"https:\/\/dreamteammaroc.com\/es\/#primaryimage","url":"https:\/\/dreamteammaroc.com\/wp-content\/uploads\/2023\/05\/Dreamteam-Maroc-facebook.jpg","contentUrl":"https:\/\/dreamteammaroc.com\/wp-content\/uploads\/2023\/05\/Dreamteam-Maroc-facebook.jpg","width":1200,"height":630},{"@type":"BreadcrumbList","@id":"https:\/\/dreamteammaroc.com\/es\/#breadcrumb","itemListElement":[{"@type":"ListItem","position":1,"name":"Startseite","item":"https:\/\/dreamteammaroc.com\/es\/dreamteam-maroc-inicio\/"},{"@type":"ListItem","position":2,"name":"Dreamteam Maroc Inicio"}]},{"@type":"WebSite","@id":"https:\/\/dreamteammaroc.com\/es\/#website","url":"https:\/\/dreamteammaroc.com\/es\/","name":"Dreamteam Maroc","description":"Entdecke die faszinierende Berber-Kultur auf unseren 10-t\u00e4gigen gef\u00fchrten Touren durch Marokko.","potentialAction":[{"@type":"SearchAction","target":{"@type":"EntryPoint","urlTemplate":"https:\/\/dreamteammaroc.com\/es\/?s={search_term_string}"},"query-input":{"@type":"PropertyValueSpecification","valueRequired":true,"valueName":"search_term_string"}}],"inLanguage":"es"}]}},"_links":{"self":[{"href":"https:\/\/dreamteammaroc.com\/es\/wp-json\/wp\/v2\/pages\/844","targetHints":{"allow":["GET"]}}],"collection":[{"href":"https:\/\/dreamteammaroc.com\/es\/wp-json\/wp\/v2\/pages"}],"about":[{"href":"https:\/\/dreamteammaroc.com\/es\/wp-json\/wp\/v2\/types\/page"}],"author":[{"embeddable":true,"href":"https:\/\/dreamteammaroc.com\/es\/wp-json\/wp\/v2\/users\/1"}],"replies":[{"embeddable":true,"href":"https:\/\/dreamteammaroc.com\/es\/wp-json\/wp\/v2\/comments?post=844"}],"version-history":[{"count":5,"href":"https:\/\/dreamteammaroc.com\/es\/wp-json\/wp\/v2\/pages\/844\/revisions"}],"predecessor-version":[{"id":1149,"href":"https:\/\/dreamteammaroc.com\/es\/wp-json\/wp\/v2\/pages\/844\/revisions\/1149"}],"wp:featuredmedia":[{"embeddable":true,"href":"https:\/\/dreamteammaroc.com\/es\/wp-json\/wp\/v2\/media\/842"}],"wp:attachment":[{"href":"https:\/\/dreamteammaroc.com\/es\/wp-json\/wp\/v2\/media?parent=844"}],"curies":[{"name":"wp","href":"https:\/\/api.w.org\/{rel}","templated":true}]}}