{"id":918,"date":"2023-05-03T11:30:49","date_gmt":"2023-05-03T09:30:49","guid":{"rendered":"https:\/\/dreamteammaroc.com\/sobre-nosotros\/"},"modified":"2025-04-24T16:26:52","modified_gmt":"2025-04-24T14:26:52","slug":"sobre-nosotros","status":"publish","type":"page","link":"https:\/\/dreamteammaroc.com\/es\/sobre-nosotros\/","title":{"rendered":"Sobre nosotros"},"content":{"rendered":"<p>[et_pb_section fb_built=\u00bb1&#8243; _builder_version=\u00bb4.27.0&#8243; _module_preset=\u00bbdefault\u00bb background_enable_color=\u00bboff\u00bb use_background_color_gradient=\u00bbon\u00bb background_color_gradient_stops=\u00bbrgba(0,0,0,0.18) 13%|rgba(255,255,255,0) 93%\u00bb background_color_gradient_overlays_image=\u00bbon\u00bb background_image=\u00bbhttps:\/\/dreamteammaroc.com\/wp-content\/uploads\/2023\/05\/dades-tal-marokko.jpeg\u00bb global_colors_info=\u00bb{}\u00bb][et_pb_row _builder_version=\u00bb4.21.0&#8243; _module_preset=\u00bbdefault\u00bb custom_padding=\u00bb150px||150px||true|false\u00bb global_colors_info=\u00bb{}\u00bb][et_pb_column type=\u00bb4_4&#8243; _builder_version=\u00bb4.21.0&#8243; _module_preset=\u00bbdefault\u00bb global_colors_info=\u00bb{}\u00bb][\/et_pb_column][\/et_pb_row][\/et_pb_section][et_pb_section fb_built=\u00bb1&#8243; _builder_version=\u00bb4.21.0&#8243; _module_preset=\u00bbdefault\u00bb background_enable_image=\u00bboff\u00bb global_colors_info=\u00bb{}\u00bb][et_pb_row _builder_version=\u00bb4.21.0&#8243; _module_preset=\u00bbdefault\u00bb global_colors_info=\u00bb{}\u00bb][et_pb_column type=\u00bb4_4&#8243; _builder_version=\u00bb4.21.0&#8243; _module_preset=\u00bbdefault\u00bb global_colors_info=\u00bb{}\u00bb][et_pb_text _builder_version=\u00bb4.21.0&#8243; _module_preset=\u00bbdefault\u00bb header_2_font=\u00bb|600||on|||||\u00bb header_2_text_align=\u00bbcenter\u00bb header_2_text_color=\u00bb#000000&#8243; global_colors_info=\u00bb{}\u00bb]<\/p>\n<h2>El Dream Team Marruecos<\/h2>\n<p>[\/et_pb_text][\/et_pb_column][\/et_pb_row][et_pb_row column_structure=\u00bb3_4,1_4&#8243; _builder_version=\u00bb4.21.0&#8243; _module_preset=\u00bbdefault\u00bb custom_padding=\u00bb||60px|||\u00bb global_colors_info=\u00bb{}\u00bb][et_pb_column type=\u00bb3_4&#8243; _builder_version=\u00bb4.21.0&#8243; _module_preset=\u00bbdefault\u00bb global_colors_info=\u00bb{}\u00bb][et_pb_text _builder_version=\u00bb4.21.0&#8243; _module_preset=\u00bbdefault\u00bb text_font=\u00bb||||||||\u00bb text_font_size=\u00bb20px\u00bb text_line_height=\u00bb1.5em\u00bb text_orientation=\u00bbcenter\u00bb global_colors_info=\u00bb{}\u00bb]<\/p>\n<p>Soy Rachid, el fundador de Dreamteam Maroc. Como bereber y nativo de Marruecos, conozco el pa\u00eds como la palma de mi mano y estoy profundamente arraigado en su cultura e historia.   <\/p>\n<p>[\/et_pb_text][\/et_pb_column][et_pb_column type=\u00bb1_4&#8243; _builder_version=\u00bb4.21.0&#8243; _module_preset=\u00bbdefault\u00bb global_colors_info=\u00bb{}\u00bb][et_pb_image src=\u00bbhttps:\/\/dreamteammaroc.com\/wp-content\/uploads\/2023\/05\/rachid-blickt-ferne-dreamteam-maroc.jpeg\u00bb alt=\u00bbRachid mira a lo lejos\u00bb title_text=\u00bbRachid, del Dreamteam Maroc, deja vagar su mirada por la extensi\u00f3n\u00bb align=\u00bbcenter\u00bb _builder_version=\u00bb4.21.0&#8243; _module_preset=\u00bbdefault\u00bb module_alignment=\u00bbcenter\u00bb max_height=\u00bb250px\u00bb animation_style=\u00bbfold\u00bb animation_duration=\u00bb1200ms\u00bb animation_starting_opacity=\u00bb10%\u00bb animation_speed_curve=\u00bbease-in\u00bb box_shadow_style=\u00bbpreset2&#8243; global_colors_info=\u00bb{}\u00bb][\/et_pb_image][\/et_pb_column][\/et_pb_row][et_pb_row _builder_version=\u00bb4.21.0&#8243; _module_preset=\u00bbdefault\u00bb global_colors_info=\u00bb{}\u00bb][et_pb_column type=\u00bb4_4&#8243; _builder_version=\u00bb4.21.0&#8243; _module_preset=\u00bbdefault\u00bb global_colors_info=\u00bb{}\u00bb][et_pb_divider color=\u00bb#4486DA\u00bb divider_position=\u00bbcenter\u00bb divider_weight=\u00bb2px\u00bb _builder_version=\u00bb4.21.0&#8243; _module_preset=\u00bbdefault\u00bb background_color=\u00bbRGBA(255,255,255,0)\u00bb width=\u00bb50%\u00bb module_alignment=\u00bbcenter\u00bb height=\u00bb2px\u00bb animation_style=\u00bbfold\u00bb global_colors_info=\u00bb{}\u00bb][\/et_pb_divider][\/et_pb_column][\/et_pb_row][et_pb_row column_structure=\u00bb2_5,3_5&#8243; _builder_version=\u00bb4.21.0&#8243; _module_preset=\u00bbdefault\u00bb custom_padding=\u00bb60px|||||\u00bb global_colors_info=\u00bb{}\u00bb][et_pb_column type=\u00bb2_5&#8243; _builder_version=\u00bb4.21.0&#8243; _module_preset=\u00bbdefault\u00bb global_colors_info=\u00bb{}\u00bb][et_pb_image src=\u00bbhttps:\/\/dreamteammaroc.com\/wp-content\/uploads\/2023\/05\/Marokko_19.jpeg\u00bb alt=\u00bbRachid en el campo\u00bb title_text=\u00bbMarruecos\u00bb align=\u00bbcenter\u00bb _builder_version=\u00bb4.27.0&#8243; _module_preset=\u00bbdefault\u00bb module_alignment=\u00bbcenter\u00bb max_height=\u00bb475px\u00bb animation_style=\u00bbfold\u00bb animation_duration=\u00bb1200ms\u00bb animation_starting_opacity=\u00bb10%\u00bb animation_speed_curve=\u00bbease-in\u00bb box_shadow_style=\u00bbpreset2&#8243; global_colors_info=\u00bb{}\u00bb][\/et_pb_image][\/et_pb_column][et_pb_column type=\u00bb3_5&#8243; _builder_version=\u00bb4.21.0&#8243; _module_preset=\u00bbdefault\u00bb global_colors_info=\u00bb{}\u00bb][et_pb_text _builder_version=\u00bb4.27.0&#8243; _module_preset=\u00bbdefault\u00bb text_font=\u00bb||||||||\u00bb text_font_size=\u00bb20px\u00bb text_line_height=\u00bb1.5em\u00bb text_orientation=\u00bbcenter\u00bb hover_enabled=\u00bb0&#8243; global_colors_info=\u00bb{}\u00bb sticky_enabled=\u00bb0&#8243;]<\/p>\n<p>Con Dreamteam Maroc, me gustar\u00eda compartir contigo mi entusiasmo por Marruecos y ofrecerte experiencias de viaje aut\u00e9nticas e inolvidables. Creo firmemente que Marruecos tiene mucho m\u00e1s que ofrecer que las t\u00edpicas rutas tur\u00edsticas y quiero darte la oportunidad de descubrir los tesoros ocultos del pa\u00eds. Con mis profundas ra\u00edces en la cultura bereber y muchos a\u00f1os de experiencia en el sector de los viajes, estoy bien cualificada para ofrecerte una perspectiva \u00fanica y experiencias inolvidables.  <\/p>\n<p>Estoy deseando acompa\u00f1arte en mis viajes por Marruecos y presentarte la belleza, diversidad y hospitalidad de este fascinante pa\u00eds. Con Dreamteam Maroc no s\u00f3lo viajar\u00e1 por Marruecos, sino que lo experimentar\u00e1 con todos los sentidos. \u00a1Acomp\u00e1\u00f1ame en este extraordinario viaje y d\u00e9jate hechizar por la magia de Marruecos!<\/p>\n<p>[\/et_pb_text][\/et_pb_column][\/et_pb_row][\/et_pb_section][et_pb_section fb_built=\u00bb1&#8243; _builder_version=\u00bb4.21.0&#8243; _module_preset=\u00bbdefault\u00bb background_color=\u00bb#4486DA\u00bb background_image=\u00bbhttps:\/\/dreamteammaroc.com\/wp-content\/uploads\/2023\/05\/Maroc_Background.png\u00bb parallax=\u00bbon\u00bb parallax_method=\u00bboff\u00bb background_blend=\u00bbscreen\u00bb global_colors_info=\u00bb{}\u00bb][et_pb_row _builder_version=\u00bb4.21.0&#8243; _module_preset=\u00bbdefault\u00bb global_colors_info=\u00bb{}\u00bb][et_pb_column type=\u00bb4_4&#8243; _builder_version=\u00bb4.21.0&#8243; _module_preset=\u00bbdefault\u00bb global_colors_info=\u00bb{}\u00bb][et_pb_team_member name=\u00bbRachid Ezzahri\u00bb image_url=\u00bbhttps:\/\/dreamteammaroc.com\/wp-content\/uploads\/2023\/05\/portrait-rachid-ezzahri-dreamteam-maroc.jpeg\u00bb _builder_version=\u00bb4.27.0&#8243; _module_preset=\u00bbdefault\u00bb header_font=\u00bb|600|||||||\u00bb header_text_color=\u00bb#FFFFFF\u00bb header_font_size=\u00bb24px\u00bb header_line_height=\u00bb1.5em\u00bb body_text_color=\u00bb#FFFFFF\u00bb body_font_size=\u00bb18px\u00bb body_line_height=\u00bb2em\u00bb custom_margin=\u00bb||60px|||\u00bb custom_padding=\u00bb60px|||||\u00bb hover_enabled=\u00bb0&#8243; border_radii_image=\u00bbon|262px|262px|262px|262px\u00bb box_shadow_style_image=\u00bbpreset2&#8243; global_colors_info=\u00bb{}\u00bb sticky_enabled=\u00bb0&#8243;]<\/p>\n<p>Rachid, nacido en el valle del Dades, es director de hotel, m\u00fasico y poeta. Ama su pa\u00eds y su cultura y estar\u00e1 encantado de presentarle la cultura bereber. Nos guiar\u00e1 a trav\u00e9s de este viaje y lo enriquecer\u00e1 con m\u00fasica tradicional.<\/p>\n<p>[\/et_pb_team_member][et_pb_divider color=\u00bb#FFFFFF\u00bb divider_position=\u00bbcenter\u00bb divider_weight=\u00bb2px\u00bb _builder_version=\u00bb4.21.0&#8243; _module_preset=\u00bbdefault\u00bb background_color=\u00bbRGBA(255,255,255,0)\u00bb width=\u00bb50%\u00bb module_alignment=\u00bbcenter\u00bb height=\u00bb2px\u00bb animation_style=\u00bbfold\u00bb global_colors_info=\u00bb{}\u00bb][\/et_pb_divider][\/et_pb_column][\/et_pb_row][et_pb_row _builder_version=\u00bb4.21.0&#8243; _module_preset=\u00bbdefault\u00bb global_colors_info=\u00bb{}\u00bb][et_pb_column type=\u00bb4_4&#8243; _builder_version=\u00bb4.21.0&#8243; _module_preset=\u00bbdefault\u00bb global_colors_info=\u00bb{}\u00bb][et_pb_text _builder_version=\u00bb4.21.0&#8243; _module_preset=\u00bbdefault\u00bb text_text_color=\u00bb#FFFFFF\u00bb text_font_size=\u00bb24px\u00bb text_line_height=\u00bb1.5em\u00bb text_orientation=\u00bbcenter\u00bb global_colors_info=\u00bb{}\u00bb]<\/p>\n<p>Reserve ya su viaje a Marruecos y descubra la fascinante cultura bereber, viva inolvidables aventuras en el desierto y disfrute de la diversidad culinaria del pa\u00eds. Deje que Dreamteam Maroc le lleve a otro mundo y cree recuerdos inolvidables.<\/p>\n<p>\u00bfA qu\u00e9 espera?<\/p>\n<p>Reserve ahora y viva la aventura de su vida.<\/p>\n<p>[\/et_pb_text][et_pb_button button_url=\u00bbhttps:\/\/dreamteammaroc.com\/es\/contacte-con\/\u00bb button_text=\u00bbReserve\u00bb button_alignment=\u00bbcenter\u00bb _builder_version=\u00bb4.21.0&#8243; _module_preset=\u00bbdefault\u00bb global_colors_info=\u00bb{}\u00bb][\/et_pb_button][\/et_pb_column][\/et_pb_row][\/et_pb_section]<\/p>\n","protected":false},"excerpt":{"rendered":"<p>El Dream Team MarruecosSoy Rachid, el fundador de Dreamteam Maroc. Como bereber y nativo de Marruecos, conozco el pa\u00eds como la palma de mi mano y estoy profundamente arraigado en su cultura e historia. Con Dreamteam Maroc, me gustar\u00eda compartir contigo mi entusiasmo por Marruecos y ofrecerte experiencias de viaje aut\u00e9nticas e inolvidables. Creo firmemente [&hellip;]<\/p>\n","protected":false},"author":1,"featured_media":842,"parent":0,"menu_order":0,"comment_status":"closed","ping_status":"closed","template":"","meta":{"_et_pb_use_builder":"on","_et_pb_old_content":"","_et_gb_content_width":"","footnotes":""},"class_list":["post-918","page","type-page","status-publish","has-post-thumbnail","hentry"],"yoast_head":"<!-- This site is optimized with the Yoast SEO plugin v27.3 - https:\/\/yoast.com\/product\/yoast-seo-wordpress\/ -->\n<title>Dreamteam Maroc se presenta \ud83c\udf1f\ud83c\udf0d Sobre nosotros y nuestros viajes<\/title>\n<meta name=\"description\" content=\"Obtenga m\u00e1s informaci\u00f3n sobre Dreamteam Maroc y descubra qui\u00e9nes somos y qu\u00e9 nos hace diferentes. Nos presentamos y presentamos nuestros viajes y aventuras \u00fanicos en Marruecos. Sum\u00e9rjase en el fascinante mundo de Dreamteam Maroc. \ud83d\udc2a\ud83c\udf35\" \/>\n<meta name=\"robots\" content=\"index, follow, max-snippet:-1, max-image-preview:large, max-video-preview:-1\" \/>\n<link rel=\"canonical\" href=\"https:\/\/dreamteammaroc.com\/es\/sobre-nosotros\/\" \/>\n<meta property=\"og:locale\" content=\"es_ES\" \/>\n<meta property=\"og:type\" content=\"article\" \/>\n<meta property=\"og:title\" content=\"Dreamteam Maroc se presenta \ud83c\udf1f\ud83c\udf0d Sobre nosotros y nuestros viajes\" \/>\n<meta property=\"og:description\" content=\"Obtenga m\u00e1s informaci\u00f3n sobre Dreamteam Maroc y descubra qui\u00e9nes somos y qu\u00e9 nos hace diferentes. Nos presentamos y presentamos nuestros viajes y aventuras \u00fanicos en Marruecos. Sum\u00e9rjase en el fascinante mundo de Dreamteam Maroc. \ud83d\udc2a\ud83c\udf35\" \/>\n<meta property=\"og:url\" content=\"https:\/\/dreamteammaroc.com\/es\/sobre-nosotros\/\" \/>\n<meta property=\"og:site_name\" content=\"Dreamteam Maroc\" \/>\n<meta property=\"article:modified_time\" content=\"2025-04-24T14:26:52+00:00\" \/>\n<meta property=\"og:image\" content=\"https:\/\/dreamteammaroc.com\/wp-content\/uploads\/2023\/05\/Dreamteam-Maroc-facebook-1024x538.jpg\" \/>\n<meta name=\"twitter:card\" content=\"summary_large_image\" \/>\n<meta name=\"twitter:label1\" content=\"Tiempo de lectura\" \/>\n\t<meta name=\"twitter:data1\" content=\"5 minutos\" \/>\n<script type=\"application\/ld+json\" class=\"yoast-schema-graph\">{\"@context\":\"https:\\\/\\\/schema.org\",\"@graph\":[{\"@type\":\"WebPage\",\"@id\":\"https:\\\/\\\/dreamteammaroc.com\\\/es\\\/sobre-nosotros\\\/\",\"url\":\"https:\\\/\\\/dreamteammaroc.com\\\/es\\\/sobre-nosotros\\\/\",\"name\":\"Dreamteam Maroc se presenta \ud83c\udf1f\ud83c\udf0d Sobre nosotros y nuestros viajes\",\"isPartOf\":{\"@id\":\"https:\\\/\\\/dreamteammaroc.com\\\/es\\\/#website\"},\"primaryImageOfPage\":{\"@id\":\"https:\\\/\\\/dreamteammaroc.com\\\/es\\\/sobre-nosotros\\\/#primaryimage\"},\"image\":{\"@id\":\"https:\\\/\\\/dreamteammaroc.com\\\/es\\\/sobre-nosotros\\\/#primaryimage\"},\"thumbnailUrl\":\"https:\\\/\\\/dreamteammaroc.com\\\/wp-content\\\/uploads\\\/2023\\\/05\\\/Dreamteam-Maroc-facebook.jpg\",\"datePublished\":\"2023-05-03T09:30:49+00:00\",\"dateModified\":\"2025-04-24T14:26:52+00:00\",\"description\":\"Obtenga m\u00e1s informaci\u00f3n sobre Dreamteam Maroc y descubra qui\u00e9nes somos y qu\u00e9 nos hace diferentes. Nos presentamos y presentamos nuestros viajes y aventuras \u00fanicos en Marruecos. Sum\u00e9rjase en el fascinante mundo de Dreamteam Maroc. \ud83d\udc2a\ud83c\udf35\",\"breadcrumb\":{\"@id\":\"https:\\\/\\\/dreamteammaroc.com\\\/es\\\/sobre-nosotros\\\/#breadcrumb\"},\"inLanguage\":\"es\",\"potentialAction\":[{\"@type\":\"ReadAction\",\"target\":[\"https:\\\/\\\/dreamteammaroc.com\\\/es\\\/sobre-nosotros\\\/\"]}]},{\"@type\":\"ImageObject\",\"inLanguage\":\"es\",\"@id\":\"https:\\\/\\\/dreamteammaroc.com\\\/es\\\/sobre-nosotros\\\/#primaryimage\",\"url\":\"https:\\\/\\\/dreamteammaroc.com\\\/wp-content\\\/uploads\\\/2023\\\/05\\\/Dreamteam-Maroc-facebook.jpg\",\"contentUrl\":\"https:\\\/\\\/dreamteammaroc.com\\\/wp-content\\\/uploads\\\/2023\\\/05\\\/Dreamteam-Maroc-facebook.jpg\",\"width\":1200,\"height\":630},{\"@type\":\"BreadcrumbList\",\"@id\":\"https:\\\/\\\/dreamteammaroc.com\\\/es\\\/sobre-nosotros\\\/#breadcrumb\",\"itemListElement\":[{\"@type\":\"ListItem\",\"position\":1,\"name\":\"Startseite\",\"item\":\"https:\\\/\\\/dreamteammaroc.com\\\/es\\\/dreamteam-maroc-inicio\\\/\"},{\"@type\":\"ListItem\",\"position\":2,\"name\":\"Sobre nosotros\"}]},{\"@type\":\"WebSite\",\"@id\":\"https:\\\/\\\/dreamteammaroc.com\\\/es\\\/#website\",\"url\":\"https:\\\/\\\/dreamteammaroc.com\\\/es\\\/\",\"name\":\"Dreamteam Maroc\",\"description\":\"Entdecke die faszinierende Berber-Kultur auf unseren 10-t\u00e4gigen gef\u00fchrten Touren durch Marokko.\",\"potentialAction\":[{\"@type\":\"SearchAction\",\"target\":{\"@type\":\"EntryPoint\",\"urlTemplate\":\"https:\\\/\\\/dreamteammaroc.com\\\/es\\\/?s={search_term_string}\"},\"query-input\":{\"@type\":\"PropertyValueSpecification\",\"valueRequired\":true,\"valueName\":\"search_term_string\"}}],\"inLanguage\":\"es\"}]}<\/script>\n<!-- \/ Yoast SEO plugin. -->","yoast_head_json":{"title":"Dreamteam Maroc se presenta \ud83c\udf1f\ud83c\udf0d Sobre nosotros y nuestros viajes","description":"Obtenga m\u00e1s informaci\u00f3n sobre Dreamteam Maroc y descubra qui\u00e9nes somos y qu\u00e9 nos hace diferentes. Nos presentamos y presentamos nuestros viajes y aventuras \u00fanicos en Marruecos. Sum\u00e9rjase en el fascinante mundo de Dreamteam Maroc. \ud83d\udc2a\ud83c\udf35","robots":{"index":"index","follow":"follow","max-snippet":"max-snippet:-1","max-image-preview":"max-image-preview:large","max-video-preview":"max-video-preview:-1"},"canonical":"https:\/\/dreamteammaroc.com\/es\/sobre-nosotros\/","og_locale":"es_ES","og_type":"article","og_title":"Dreamteam Maroc se presenta \ud83c\udf1f\ud83c\udf0d Sobre nosotros y nuestros viajes","og_description":"Obtenga m\u00e1s informaci\u00f3n sobre Dreamteam Maroc y descubra qui\u00e9nes somos y qu\u00e9 nos hace diferentes. Nos presentamos y presentamos nuestros viajes y aventuras \u00fanicos en Marruecos. Sum\u00e9rjase en el fascinante mundo de Dreamteam Maroc. \ud83d\udc2a\ud83c\udf35","og_url":"https:\/\/dreamteammaroc.com\/es\/sobre-nosotros\/","og_site_name":"Dreamteam Maroc","article_modified_time":"2025-04-24T14:26:52+00:00","og_image":[{"url":"https:\/\/dreamteammaroc.com\/wp-content\/uploads\/2023\/05\/Dreamteam-Maroc-facebook-1024x538.jpg","type":"","width":"","height":""}],"twitter_card":"summary_large_image","twitter_misc":{"Tiempo de lectura":"5 minutos"},"schema":{"@context":"https:\/\/schema.org","@graph":[{"@type":"WebPage","@id":"https:\/\/dreamteammaroc.com\/es\/sobre-nosotros\/","url":"https:\/\/dreamteammaroc.com\/es\/sobre-nosotros\/","name":"Dreamteam Maroc se presenta \ud83c\udf1f\ud83c\udf0d Sobre nosotros y nuestros viajes","isPartOf":{"@id":"https:\/\/dreamteammaroc.com\/es\/#website"},"primaryImageOfPage":{"@id":"https:\/\/dreamteammaroc.com\/es\/sobre-nosotros\/#primaryimage"},"image":{"@id":"https:\/\/dreamteammaroc.com\/es\/sobre-nosotros\/#primaryimage"},"thumbnailUrl":"https:\/\/dreamteammaroc.com\/wp-content\/uploads\/2023\/05\/Dreamteam-Maroc-facebook.jpg","datePublished":"2023-05-03T09:30:49+00:00","dateModified":"2025-04-24T14:26:52+00:00","description":"Obtenga m\u00e1s informaci\u00f3n sobre Dreamteam Maroc y descubra qui\u00e9nes somos y qu\u00e9 nos hace diferentes. Nos presentamos y presentamos nuestros viajes y aventuras \u00fanicos en Marruecos. Sum\u00e9rjase en el fascinante mundo de Dreamteam Maroc. \ud83d\udc2a\ud83c\udf35","breadcrumb":{"@id":"https:\/\/dreamteammaroc.com\/es\/sobre-nosotros\/#breadcrumb"},"inLanguage":"es","potentialAction":[{"@type":"ReadAction","target":["https:\/\/dreamteammaroc.com\/es\/sobre-nosotros\/"]}]},{"@type":"ImageObject","inLanguage":"es","@id":"https:\/\/dreamteammaroc.com\/es\/sobre-nosotros\/#primaryimage","url":"https:\/\/dreamteammaroc.com\/wp-content\/uploads\/2023\/05\/Dreamteam-Maroc-facebook.jpg","contentUrl":"https:\/\/dreamteammaroc.com\/wp-content\/uploads\/2023\/05\/Dreamteam-Maroc-facebook.jpg","width":1200,"height":630},{"@type":"BreadcrumbList","@id":"https:\/\/dreamteammaroc.com\/es\/sobre-nosotros\/#breadcrumb","itemListElement":[{"@type":"ListItem","position":1,"name":"Startseite","item":"https:\/\/dreamteammaroc.com\/es\/dreamteam-maroc-inicio\/"},{"@type":"ListItem","position":2,"name":"Sobre nosotros"}]},{"@type":"WebSite","@id":"https:\/\/dreamteammaroc.com\/es\/#website","url":"https:\/\/dreamteammaroc.com\/es\/","name":"Dreamteam Maroc","description":"Entdecke die faszinierende Berber-Kultur auf unseren 10-t\u00e4gigen gef\u00fchrten Touren durch Marokko.","potentialAction":[{"@type":"SearchAction","target":{"@type":"EntryPoint","urlTemplate":"https:\/\/dreamteammaroc.com\/es\/?s={search_term_string}"},"query-input":{"@type":"PropertyValueSpecification","valueRequired":true,"valueName":"search_term_string"}}],"inLanguage":"es"}]}},"_links":{"self":[{"href":"https:\/\/dreamteammaroc.com\/es\/wp-json\/wp\/v2\/pages\/918","targetHints":{"allow":["GET"]}}],"collection":[{"href":"https:\/\/dreamteammaroc.com\/es\/wp-json\/wp\/v2\/pages"}],"about":[{"href":"https:\/\/dreamteammaroc.com\/es\/wp-json\/wp\/v2\/types\/page"}],"author":[{"embeddable":true,"href":"https:\/\/dreamteammaroc.com\/es\/wp-json\/wp\/v2\/users\/1"}],"replies":[{"embeddable":true,"href":"https:\/\/dreamteammaroc.com\/es\/wp-json\/wp\/v2\/comments?post=918"}],"version-history":[{"count":10,"href":"https:\/\/dreamteammaroc.com\/es\/wp-json\/wp\/v2\/pages\/918\/revisions"}],"predecessor-version":[{"id":1138,"href":"https:\/\/dreamteammaroc.com\/es\/wp-json\/wp\/v2\/pages\/918\/revisions\/1138"}],"wp:featuredmedia":[{"embeddable":true,"href":"https:\/\/dreamteammaroc.com\/es\/wp-json\/wp\/v2\/media\/842"}],"wp:attachment":[{"href":"https:\/\/dreamteammaroc.com\/es\/wp-json\/wp\/v2\/media?parent=918"}],"curies":[{"name":"wp","href":"https:\/\/api.w.org\/{rel}","templated":true}]}}