{"id":922,"date":"2023-05-18T14:47:35","date_gmt":"2023-05-18T12:47:35","guid":{"rendered":"https:\/\/dreamteammaroc.com\/pie-de-imprenta\/"},"modified":"2023-06-12T16:39:50","modified_gmt":"2023-06-12T14:39:50","slug":"pie-de-imprenta","status":"publish","type":"page","link":"https:\/\/dreamteammaroc.com\/es\/pie-de-imprenta\/","title":{"rendered":"Pie de imprenta"},"content":{"rendered":"<p>[et_pb_section fb_built=\u00bb1&#8243; _builder_version=\u00bb4.21.0&#8243; _module_preset=\u00bbdefault\u00bb custom_padding=\u00bb70px||160px||false|false\u00bb global_colors_info=\u00bb{}\u00bb][et_pb_row _builder_version=\u00bb4.21.0&#8243; _module_preset=\u00bbdefault\u00bb global_colors_info=\u00bb{}\u00bb][et_pb_column type=\u00bb4_4&#8243; _builder_version=\u00bb4.21.0&#8243; _module_preset=\u00bbdefault\u00bb global_colors_info=\u00bb{}\u00bb][et_pb_text _builder_version=\u00bb4.21.0&#8243; _module_preset=\u00bbdefault\u00bb header_line_height=\u00bb2em\u00bb header_2_line_height=\u00bb2em\u00bb hover_enabled=\u00bb0&#8243; global_colors_info=\u00bb{}\u00bb sticky_enabled=\u00bb0&#8243;]<\/p>\n<h1>Pie de imprenta<\/h1>\n<h2>Informaci\u00f3n conforme al art\u00edculo 5 de la TMG:<\/h2>\n<p>Rachid Ezzahri<br \/>Slilou Ait Ounir boumalne Dades<br \/>45150 Tinghir<br \/>Marruecos<\/p>\n<h2>Contacto:<\/h2>\n<p>Tel\u00e9fono: +34 622686326<br \/>Correo electr\u00f3nico: dreamteammaroc@gmail.com<\/p>\n<p>Responsable del contenido seg\u00fan \u00a7 55 para. 2 RStV:<br \/>Rachid Ezzahri<br \/>Slilou Ait Ounir boumalne Dades<br \/>45150 Tinghir<br \/>Marruecos<\/p>\n<p>[\/et_pb_text][\/et_pb_column][\/et_pb_row][\/et_pb_section]<\/p>\n","protected":false},"excerpt":{"rendered":"<p>Pie de imprenta Informaci\u00f3n conforme al art\u00edculo 5 de la TMG: Rachid EzzahriSlilou Ait Ounir boumalne Dades45150 TinghirMarruecos Contacto: Tel\u00e9fono: +34 622686326Correo electr\u00f3nico: dreamteammaroc@gmail.com Responsable del contenido seg\u00fan \u00a7 55 para. 2 RStV:Rachid EzzahriSlilou Ait Ounir boumalne Dades45150 TinghirMarruecos<\/p>\n","protected":false},"author":1,"featured_media":0,"parent":0,"menu_order":0,"comment_status":"closed","ping_status":"closed","template":"","meta":{"_et_pb_use_builder":"on","_et_pb_old_content":"","_et_gb_content_width":"","footnotes":""},"class_list":["post-922","page","type-page","status-publish","hentry"],"yoast_head":"<!-- This site is optimized with the Yoast SEO plugin v27.3 - https:\/\/yoast.com\/product\/yoast-seo-wordpress\/ -->\n<title>Pie de imprenta - Dreamteam Maroc<\/title>\n<meta name=\"robots\" content=\"index, follow, max-snippet:-1, max-image-preview:large, max-video-preview:-1\" \/>\n<link rel=\"canonical\" href=\"https:\/\/dreamteammaroc.com\/es\/pie-de-imprenta\/\" \/>\n<meta property=\"og:locale\" content=\"es_ES\" \/>\n<meta property=\"og:type\" content=\"article\" \/>\n<meta property=\"og:title\" content=\"Pie de imprenta - Dreamteam Maroc\" \/>\n<meta property=\"og:description\" content=\"Pie de imprenta Informaci\u00f3n conforme al art\u00edculo 5 de la TMG: Rachid EzzahriSlilou Ait Ounir boumalne Dades45150 TinghirMarruecos Contacto: Tel\u00e9fono: +34 622686326Correo electr\u00f3nico: dreamteammaroc@gmail.com Responsable del contenido seg\u00fan \u00a7 55 para. 2 RStV:Rachid EzzahriSlilou Ait Ounir boumalne Dades45150 TinghirMarruecos\" \/>\n<meta property=\"og:url\" content=\"https:\/\/dreamteammaroc.com\/es\/pie-de-imprenta\/\" \/>\n<meta property=\"og:site_name\" content=\"Dreamteam Maroc\" \/>\n<meta property=\"article:modified_time\" content=\"2023-06-12T14:39:50+00:00\" \/>\n<meta name=\"twitter:card\" content=\"summary_large_image\" \/>\n<meta name=\"twitter:label1\" content=\"Tiempo de lectura\" \/>\n\t<meta name=\"twitter:data1\" content=\"1 minuto\" \/>\n<script type=\"application\/ld+json\" class=\"yoast-schema-graph\">{\"@context\":\"https:\\\/\\\/schema.org\",\"@graph\":[{\"@type\":\"WebPage\",\"@id\":\"https:\\\/\\\/dreamteammaroc.com\\\/es\\\/pie-de-imprenta\\\/\",\"url\":\"https:\\\/\\\/dreamteammaroc.com\\\/es\\\/pie-de-imprenta\\\/\",\"name\":\"Pie de imprenta - Dreamteam Maroc\",\"isPartOf\":{\"@id\":\"https:\\\/\\\/dreamteammaroc.com\\\/es\\\/#website\"},\"datePublished\":\"2023-05-18T12:47:35+00:00\",\"dateModified\":\"2023-06-12T14:39:50+00:00\",\"breadcrumb\":{\"@id\":\"https:\\\/\\\/dreamteammaroc.com\\\/es\\\/pie-de-imprenta\\\/#breadcrumb\"},\"inLanguage\":\"es\",\"potentialAction\":[{\"@type\":\"ReadAction\",\"target\":[\"https:\\\/\\\/dreamteammaroc.com\\\/es\\\/pie-de-imprenta\\\/\"]}]},{\"@type\":\"BreadcrumbList\",\"@id\":\"https:\\\/\\\/dreamteammaroc.com\\\/es\\\/pie-de-imprenta\\\/#breadcrumb\",\"itemListElement\":[{\"@type\":\"ListItem\",\"position\":1,\"name\":\"Startseite\",\"item\":\"https:\\\/\\\/dreamteammaroc.com\\\/es\\\/dreamteam-maroc-inicio\\\/\"},{\"@type\":\"ListItem\",\"position\":2,\"name\":\"Pie de imprenta\"}]},{\"@type\":\"WebSite\",\"@id\":\"https:\\\/\\\/dreamteammaroc.com\\\/es\\\/#website\",\"url\":\"https:\\\/\\\/dreamteammaroc.com\\\/es\\\/\",\"name\":\"Dreamteam Maroc\",\"description\":\"Entdecke die faszinierende Berber-Kultur auf unseren 10-t\u00e4gigen gef\u00fchrten Touren durch Marokko.\",\"potentialAction\":[{\"@type\":\"SearchAction\",\"target\":{\"@type\":\"EntryPoint\",\"urlTemplate\":\"https:\\\/\\\/dreamteammaroc.com\\\/es\\\/?s={search_term_string}\"},\"query-input\":{\"@type\":\"PropertyValueSpecification\",\"valueRequired\":true,\"valueName\":\"search_term_string\"}}],\"inLanguage\":\"es\"}]}<\/script>\n<!-- \/ Yoast SEO plugin. -->","yoast_head_json":{"title":"Pie de imprenta - Dreamteam Maroc","robots":{"index":"index","follow":"follow","max-snippet":"max-snippet:-1","max-image-preview":"max-image-preview:large","max-video-preview":"max-video-preview:-1"},"canonical":"https:\/\/dreamteammaroc.com\/es\/pie-de-imprenta\/","og_locale":"es_ES","og_type":"article","og_title":"Pie de imprenta - Dreamteam Maroc","og_description":"Pie de imprenta Informaci\u00f3n conforme al art\u00edculo 5 de la TMG: Rachid EzzahriSlilou Ait Ounir boumalne Dades45150 TinghirMarruecos Contacto: Tel\u00e9fono: +34 622686326Correo electr\u00f3nico: dreamteammaroc@gmail.com Responsable del contenido seg\u00fan \u00a7 55 para. 2 RStV:Rachid EzzahriSlilou Ait Ounir boumalne Dades45150 TinghirMarruecos","og_url":"https:\/\/dreamteammaroc.com\/es\/pie-de-imprenta\/","og_site_name":"Dreamteam Maroc","article_modified_time":"2023-06-12T14:39:50+00:00","twitter_card":"summary_large_image","twitter_misc":{"Tiempo de lectura":"1 minuto"},"schema":{"@context":"https:\/\/schema.org","@graph":[{"@type":"WebPage","@id":"https:\/\/dreamteammaroc.com\/es\/pie-de-imprenta\/","url":"https:\/\/dreamteammaroc.com\/es\/pie-de-imprenta\/","name":"Pie de imprenta - Dreamteam Maroc","isPartOf":{"@id":"https:\/\/dreamteammaroc.com\/es\/#website"},"datePublished":"2023-05-18T12:47:35+00:00","dateModified":"2023-06-12T14:39:50+00:00","breadcrumb":{"@id":"https:\/\/dreamteammaroc.com\/es\/pie-de-imprenta\/#breadcrumb"},"inLanguage":"es","potentialAction":[{"@type":"ReadAction","target":["https:\/\/dreamteammaroc.com\/es\/pie-de-imprenta\/"]}]},{"@type":"BreadcrumbList","@id":"https:\/\/dreamteammaroc.com\/es\/pie-de-imprenta\/#breadcrumb","itemListElement":[{"@type":"ListItem","position":1,"name":"Startseite","item":"https:\/\/dreamteammaroc.com\/es\/dreamteam-maroc-inicio\/"},{"@type":"ListItem","position":2,"name":"Pie de imprenta"}]},{"@type":"WebSite","@id":"https:\/\/dreamteammaroc.com\/es\/#website","url":"https:\/\/dreamteammaroc.com\/es\/","name":"Dreamteam Maroc","description":"Entdecke die faszinierende Berber-Kultur auf unseren 10-t\u00e4gigen gef\u00fchrten Touren durch Marokko.","potentialAction":[{"@type":"SearchAction","target":{"@type":"EntryPoint","urlTemplate":"https:\/\/dreamteammaroc.com\/es\/?s={search_term_string}"},"query-input":{"@type":"PropertyValueSpecification","valueRequired":true,"valueName":"search_term_string"}}],"inLanguage":"es"}]}},"_links":{"self":[{"href":"https:\/\/dreamteammaroc.com\/es\/wp-json\/wp\/v2\/pages\/922","targetHints":{"allow":["GET"]}}],"collection":[{"href":"https:\/\/dreamteammaroc.com\/es\/wp-json\/wp\/v2\/pages"}],"about":[{"href":"https:\/\/dreamteammaroc.com\/es\/wp-json\/wp\/v2\/types\/page"}],"author":[{"embeddable":true,"href":"https:\/\/dreamteammaroc.com\/es\/wp-json\/wp\/v2\/users\/1"}],"replies":[{"embeddable":true,"href":"https:\/\/dreamteammaroc.com\/es\/wp-json\/wp\/v2\/comments?post=922"}],"version-history":[{"count":4,"href":"https:\/\/dreamteammaroc.com\/es\/wp-json\/wp\/v2\/pages\/922\/revisions"}],"predecessor-version":[{"id":1048,"href":"https:\/\/dreamteammaroc.com\/es\/wp-json\/wp\/v2\/pages\/922\/revisions\/1048"}],"wp:attachment":[{"href":"https:\/\/dreamteammaroc.com\/es\/wp-json\/wp\/v2\/media?parent=922"}],"curies":[{"name":"wp","href":"https:\/\/api.w.org\/{rel}","templated":true}]}}