{"id":892,"date":"2023-05-03T11:30:49","date_gmt":"2023-05-03T09:30:49","guid":{"rendered":"https:\/\/dreamteammaroc.com\/a-propos-de-nous\/"},"modified":"2025-04-24T16:26:55","modified_gmt":"2025-04-24T14:26:55","slug":"a-propos-de-nous","status":"publish","type":"page","link":"https:\/\/dreamteammaroc.com\/fr\/a-propos-de-nous\/","title":{"rendered":"\u00c0 propos de nous"},"content":{"rendered":"<p>[et_pb_section fb_built=\u00a0\u00bb1&Prime; _builder_version=\u00a0\u00bb4.27.0&Prime; _module_preset=\u00a0\u00bbdefault\u00a0\u00bb background_enable_color=\u00a0\u00bboff\u00a0\u00bb use_background_color_gradient=\u00a0\u00bbon\u00a0\u00bb background_color_gradient_stops=\u00a0\u00bbrgba(0,0,0,0.18) 13%|rgba(255,255,255,0) 93%\u00a0\u00bb background_color_gradient_overlays_image=\u00a0\u00bbon\u00a0\u00bb background_image=\u00a0\u00bbhttps:\/\/dreamteammaroc.com\/wp-content\/uploads\/2023\/05\/dades-tal-marokko.jpeg\u00a0\u00bb global_colors_info=\u00a0\u00bb{}\u00a0\u00bb][et_pb_row _builder_version=\u00a0\u00bb4.21.0&Prime; _module_preset=\u00a0\u00bbdefault\u00a0\u00bb custom_padding=\u00a0\u00bb150px||150px||true|false\u00a0\u00bb global_colors_info=\u00a0\u00bb{}\u00a0\u00bb][et_pb_column type=\u00a0\u00bb4_4&Prime; _builder_version=\u00a0\u00bb4.21.0&Prime; _module_preset=\u00a0\u00bbdefault\u00a0\u00bb global_colors_info=\u00a0\u00bb{}\u00a0\u00bb][\/et_pb_column][\/et_pb_row][\/et_pb_section][et_pb_section fb_built=\u00a0\u00bb1&Prime; _builder_version=\u00a0\u00bb4.21.0&Prime; _module_preset=\u00a0\u00bbdefault\u00a0\u00bb background_enable_image=\u00a0\u00bboff\u00a0\u00bb global_colors_info=\u00a0\u00bb{}\u00a0\u00bb][et_pb_row _builder_version=\u00a0\u00bb4.21.0&Prime; _module_preset=\u00a0\u00bbdefault\u00a0\u00bb global_colors_info=\u00a0\u00bb{}\u00a0\u00bb][et_pb_column type=\u00a0\u00bb4_4&Prime; _builder_version=\u00a0\u00bb4.21.0&Prime; _module_preset=\u00a0\u00bbdefault\u00a0\u00bb global_colors_info=\u00a0\u00bb{}\u00a0\u00bb][et_pb_text _builder_version=\u00a0\u00bb4.21.0&Prime; _module_preset=\u00a0\u00bbdefault\u00a0\u00bb header_2_font=\u00a0\u00bb|600||on|||||\u00a0\u00bb header_2_text_align=\u00a0\u00bbcenter\u00a0\u00bb header_2_text_color=\u00a0\u00bb#000000&Prime; global_colors_info=\u00a0\u00bb{}\u00a0\u00bb]<\/p>\n<h2>La Dream Team Maroc<\/h2>\n<p>[\/et_pb_text][\/et_pb_column][\/et_pb_row][et_pb_row column_structure=\u00a0\u00bb3_4,1_4&Prime; _builder_version=\u00a0\u00bb4.21.0&Prime; _module_preset=\u00a0\u00bbdefault\u00a0\u00bb custom_padding=\u00a0\u00bb||60px|||\u00a0\u00bb global_colors_info=\u00a0\u00bb{}\u00a0\u00bb][et_pb_column type=\u00a0\u00bb3_4&Prime; _builder_version=\u00a0\u00bb4.21.0&Prime; _module_preset=\u00a0\u00bbdefault\u00a0\u00bb global_colors_info=\u00a0\u00bb{}\u00a0\u00bb][et_pb_text _builder_version=\u00a0\u00bb4.21.0&Prime; _module_preset=\u00a0\u00bbdefault\u00a0\u00bb text_font=\u00a0\u00bb||||||||\u00a0\u00bb text_font_size=\u00a0\u00bb20px\u00a0\u00bb text_line_height=\u00a0\u00bb1.5em\u00a0\u00bb text_orientation=\u00a0\u00bbcenter\u00a0\u00bb global_colors_info=\u00a0\u00bb{}\u00a0\u00bb]<\/p>\n<p>Je suis Rachid, le fondateur de Dreamteam Maroc. En tant que Berb\u00e8re et natif du Maroc, je connais le pays comme ma poche et je suis profond\u00e9ment enracin\u00e9 dans sa culture et son histoire.   <\/p>\n<p>[\/et_pb_text][\/et_pb_column][et_pb_column type=\u00a0\u00bb1_4&Prime; _builder_version=\u00a0\u00bb4.21.0&Prime; _module_preset=\u00a0\u00bbdefault\u00a0\u00bb global_colors_info=\u00a0\u00bb{}\u00a0\u00bb][et_pb_image src=\u00a0\u00bbhttps:\/\/dreamteammaroc.com\/wp-content\/uploads\/2023\/05\/rachid-blickt-ferne-dreamteam-maroc.jpeg\u00a0\u00bb alt=\u00a0\u00bbRachid regarde au loin\u00a0\u00bb title_text=\u00a0\u00bbRachid de Dreamteam Maroc laisse son regard se perdre dans l&#039;immensit\u00e9.\u00a0\u00bb align=\u00a0\u00bbcenter\u00a0\u00bb _builder_version=\u00a0\u00bb4.21.0&Prime; _module_preset=\u00a0\u00bbdefault\u00a0\u00bb module_alignment=\u00a0\u00bbcenter\u00a0\u00bb max_height=\u00a0\u00bb250px\u00a0\u00bb animation_style=\u00a0\u00bbfold\u00a0\u00bb animation_duration=\u00a0\u00bb1200ms\u00a0\u00bb animation_starting_opacity=\u00a0\u00bb10%\u00a0\u00bb animation_speed_curve=\u00a0\u00bbease-in\u00a0\u00bb box_shadow_style=\u00a0\u00bbpreset2&Prime; global_colors_info=\u00a0\u00bb{}\u00a0\u00bb][\/et_pb_image][\/et_pb_column][\/et_pb_row][et_pb_row _builder_version=\u00a0\u00bb4.21.0&Prime; _module_preset=\u00a0\u00bbdefault\u00a0\u00bb global_colors_info=\u00a0\u00bb{}\u00a0\u00bb][et_pb_column type=\u00a0\u00bb4_4&Prime; _builder_version=\u00a0\u00bb4.21.0&Prime; _module_preset=\u00a0\u00bbdefault\u00a0\u00bb global_colors_info=\u00a0\u00bb{}\u00a0\u00bb][et_pb_divider color=\u00a0\u00bb#4486DA\u00a0\u00bb divider_position=\u00a0\u00bbcenter\u00a0\u00bb divider_weight=\u00a0\u00bb2px\u00a0\u00bb _builder_version=\u00a0\u00bb4.21.0&Prime; _module_preset=\u00a0\u00bbdefault\u00a0\u00bb background_color=\u00a0\u00bbRGBA(255,255,255,0)\u00a0\u00bb width=\u00a0\u00bb50%\u00a0\u00bb module_alignment=\u00a0\u00bbcenter\u00a0\u00bb height=\u00a0\u00bb2px\u00a0\u00bb animation_style=\u00a0\u00bbfold\u00a0\u00bb global_colors_info=\u00a0\u00bb{}\u00a0\u00bb][\/et_pb_divider][\/et_pb_column][\/et_pb_row][et_pb_row column_structure=\u00a0\u00bb2_5,3_5&Prime; _builder_version=\u00a0\u00bb4.21.0&Prime; _module_preset=\u00a0\u00bbdefault\u00a0\u00bb custom_padding=\u00a0\u00bb60px|||||\u00a0\u00bb global_colors_info=\u00a0\u00bb{}\u00a0\u00bb][et_pb_column type=\u00a0\u00bb2_5&Prime; _builder_version=\u00a0\u00bb4.21.0&Prime; _module_preset=\u00a0\u00bbdefault\u00a0\u00bb global_colors_info=\u00a0\u00bb{}\u00a0\u00bb][et_pb_image src=\u00a0\u00bbhttps:\/\/dreamteammaroc.com\/wp-content\/uploads\/2023\/05\/Marokko_19.jpeg\u00a0\u00bb alt=\u00a0\u00bbRachid sur le terrain\u00a0\u00bb title_text=\u00a0\u00bbMaroc\u00a0\u00bb align=\u00a0\u00bbcenter\u00a0\u00bb _builder_version=\u00a0\u00bb4.27.0&Prime; _module_preset=\u00a0\u00bbdefault\u00a0\u00bb module_alignment=\u00a0\u00bbcenter\u00a0\u00bb max_height=\u00a0\u00bb475px\u00a0\u00bb animation_style=\u00a0\u00bbfold\u00a0\u00bb animation_duration=\u00a0\u00bb1200ms\u00a0\u00bb animation_starting_opacity=\u00a0\u00bb10%\u00a0\u00bb animation_speed_curve=\u00a0\u00bbease-in\u00a0\u00bb box_shadow_style=\u00a0\u00bbpreset2&Prime; global_colors_info=\u00a0\u00bb{}\u00a0\u00bb][\/et_pb_image][\/et_pb_column][et_pb_column type=\u00a0\u00bb3_5&Prime; _builder_version=\u00a0\u00bb4.21.0&Prime; _module_preset=\u00a0\u00bbdefault\u00a0\u00bb global_colors_info=\u00a0\u00bb{}\u00a0\u00bb][et_pb_text _builder_version=\u00a0\u00bb4.27.0&Prime; _module_preset=\u00a0\u00bbdefault\u00a0\u00bb text_font=\u00a0\u00bb||||||||\u00a0\u00bb text_font_size=\u00a0\u00bb20px\u00a0\u00bb text_line_height=\u00a0\u00bb1.5em\u00a0\u00bb text_orientation=\u00a0\u00bbcenter\u00a0\u00bb hover_enabled=\u00a0\u00bb0&Prime; global_colors_info=\u00a0\u00bb{}\u00a0\u00bb sticky_enabled=\u00a0\u00bb0&Prime;]<\/p>\n<p>Avec Dreamteam Maroc, je souhaite partager avec vous ma passion pour le Maroc et vous offrir des exp\u00e9riences de voyage authentiques et inoubliables. Je suis fermement convaincu que le Maroc a beaucoup plus \u00e0 offrir que les sentiers touristiques typiques et je veux vous donner l&rsquo;occasion de d\u00e9couvrir les tr\u00e9sors cach\u00e9s du pays. Gr\u00e2ce \u00e0 mes racines profondes dans la culture berb\u00e8re et \u00e0 ma longue exp\u00e9rience dans le secteur du voyage, je suis parfaitement qualifi\u00e9e pour vous offrir une perspective unique et des exp\u00e9riences inoubliables.  <\/p>\n<p>Je me r\u00e9jouis de vous accompagner lors de mes voyages au Maroc et de vous faire d\u00e9couvrir la beaut\u00e9, la diversit\u00e9 et l&rsquo;hospitalit\u00e9 de ce pays fascinant. Avec Dreamteam Maroc, vous ne ferez pas que voyager au Maroc, vous le vivrez aussi avec tous vos sens. Venez avec moi pour ce voyage extraordinaire et laissez-vous envo\u00fbter par la magie du Maroc !<\/p>\n<p>[\/et_pb_text][\/et_pb_column][\/et_pb_row][\/et_pb_section][et_pb_section fb_built=\u00a0\u00bb1&Prime; _builder_version=\u00a0\u00bb4.21.0&Prime; _module_preset=\u00a0\u00bbdefault\u00a0\u00bb background_color=\u00a0\u00bb#4486DA\u00a0\u00bb background_image=\u00a0\u00bbhttps:\/\/dreamteammaroc.com\/wp-content\/uploads\/2023\/05\/Maroc_Background.png\u00a0\u00bb parallax=\u00a0\u00bbon\u00a0\u00bb parallax_method=\u00a0\u00bboff\u00a0\u00bb background_blend=\u00a0\u00bbscreen\u00a0\u00bb global_colors_info=\u00a0\u00bb{}\u00a0\u00bb][et_pb_row _builder_version=\u00a0\u00bb4.21.0&Prime; _module_preset=\u00a0\u00bbdefault\u00a0\u00bb global_colors_info=\u00a0\u00bb{}\u00a0\u00bb][et_pb_column type=\u00a0\u00bb4_4&Prime; _builder_version=\u00a0\u00bb4.21.0&Prime; _module_preset=\u00a0\u00bbdefault\u00a0\u00bb global_colors_info=\u00a0\u00bb{}\u00a0\u00bb][et_pb_team_member name=\u00a0\u00bbRachid Ezzahri\u00a0\u00bb image_url=\u00a0\u00bbhttps:\/\/dreamteammaroc.com\/wp-content\/uploads\/2023\/05\/portrait-rachid-ezzahri-dreamteam-maroc.jpeg\u00a0\u00bb _builder_version=\u00a0\u00bb4.27.0&Prime; _module_preset=\u00a0\u00bbdefault\u00a0\u00bb header_font=\u00a0\u00bb|600|||||||\u00a0\u00bb header_text_color=\u00a0\u00bb#FFFFFF\u00a0\u00bb header_font_size=\u00a0\u00bb24px\u00a0\u00bb header_line_height=\u00a0\u00bb1.5em\u00a0\u00bb body_text_color=\u00a0\u00bb#FFFFFF\u00a0\u00bb body_font_size=\u00a0\u00bb18px\u00a0\u00bb body_line_height=\u00a0\u00bb2em\u00a0\u00bb custom_margin=\u00a0\u00bb||60px|||\u00a0\u00bb custom_padding=\u00a0\u00bb60px|||||\u00a0\u00bb hover_enabled=\u00a0\u00bb0&Prime; border_radii_image=\u00a0\u00bbon|262px|262px|262px|262px\u00a0\u00bb box_shadow_style_image=\u00a0\u00bbpreset2&Prime; global_colors_info=\u00a0\u00bb{}\u00a0\u00bb sticky_enabled=\u00a0\u00bb0&Prime;]<\/p>\n<p>Rachid, n\u00e9 dans la vall\u00e9e du Dad\u00e8s, est commer\u00e7ant dans l&rsquo;h\u00f4tellerie, musicien et po\u00e8te. Il aime son pays et sa culture et se r\u00e9jouit de te faire d\u00e9couvrir la culture berb\u00e8re. Il nous guidera tout au long de ce voyage et l&rsquo;enrichira de musique traditionnelle.<\/p>\n<p>[\/et_pb_team_member][et_pb_divider color=\u00a0\u00bb#FFFFFF\u00a0\u00bb divider_position=\u00a0\u00bbcenter\u00a0\u00bb divider_weight=\u00a0\u00bb2px\u00a0\u00bb _builder_version=\u00a0\u00bb4.21.0&Prime; _module_preset=\u00a0\u00bbdefault\u00a0\u00bb background_color=\u00a0\u00bbRGBA(255,255,255,0)\u00a0\u00bb width=\u00a0\u00bb50%\u00a0\u00bb module_alignment=\u00a0\u00bbcenter\u00a0\u00bb height=\u00a0\u00bb2px\u00a0\u00bb animation_style=\u00a0\u00bbfold\u00a0\u00bb global_colors_info=\u00a0\u00bb{}\u00a0\u00bb][\/et_pb_divider][\/et_pb_column][\/et_pb_row][et_pb_row _builder_version=\u00a0\u00bb4.21.0&Prime; _module_preset=\u00a0\u00bbdefault\u00a0\u00bb global_colors_info=\u00a0\u00bb{}\u00a0\u00bb][et_pb_column type=\u00a0\u00bb4_4&Prime; _builder_version=\u00a0\u00bb4.21.0&Prime; _module_preset=\u00a0\u00bbdefault\u00a0\u00bb global_colors_info=\u00a0\u00bb{}\u00a0\u00bb][et_pb_text _builder_version=\u00a0\u00bb4.21.0&Prime; _module_preset=\u00a0\u00bbdefault\u00a0\u00bb text_text_color=\u00a0\u00bb#FFFFFF\u00a0\u00bb text_font_size=\u00a0\u00bb24px\u00a0\u00bb text_line_height=\u00a0\u00bb1.5em\u00a0\u00bb text_orientation=\u00a0\u00bbcenter\u00a0\u00bb global_colors_info=\u00a0\u00bb{}\u00a0\u00bb]<\/p>\n<p>R\u00e9servez d\u00e8s maintenant votre voyage au Maroc et d\u00e9couvrez la culture fascinante des Berb\u00e8res, vivez des aventures inoubliables dans le d\u00e9sert et savourez la diversit\u00e9 culinaire du pays. Laissez Dreamteam Maroc vous emmener dans un autre monde et cr\u00e9er des souvenirs inoubliables !<\/p>\n<p>Qu&rsquo;est-ce que vous attendez ?<\/p>\n<p>R\u00e9servez d\u00e8s maintenant et vivez l&rsquo;aventure de votre vie !<\/p>\n<p>[\/et_pb_text][et_pb_button button_url=\u00a0\u00bbhttps:\/\/dreamteammaroc.com\/fr\/contact\/\u00a0\u00bb button_text=\u00a0\u00bbR\u00e9server\u00a0\u00bb button_alignment=\u00a0\u00bbcenter\u00a0\u00bb _builder_version=\u00a0\u00bb4.21.0&Prime; _module_preset=\u00a0\u00bbdefault\u00a0\u00bb global_colors_info=\u00a0\u00bb{}\u00a0\u00bb][\/et_pb_button][\/et_pb_column][\/et_pb_row][\/et_pb_section]<\/p>\n","protected":false},"excerpt":{"rendered":"<p>La Dream Team MarocJe suis Rachid, le fondateur de Dreamteam Maroc. En tant que Berb\u00e8re et natif du Maroc, je connais le pays comme ma poche et je suis profond\u00e9ment enracin\u00e9 dans sa culture et son histoire. Avec Dreamteam Maroc, je souhaite partager avec vous ma passion pour le Maroc et vous offrir des exp\u00e9riences [&hellip;]<\/p>\n","protected":false},"author":1,"featured_media":841,"parent":0,"menu_order":0,"comment_status":"closed","ping_status":"closed","template":"","meta":{"_et_pb_use_builder":"on","_et_pb_old_content":"","_et_gb_content_width":"","footnotes":""},"class_list":["post-892","page","type-page","status-publish","has-post-thumbnail","hentry"],"yoast_head":"<!-- This site is optimized with the Yoast SEO plugin v27.3 - https:\/\/yoast.com\/product\/yoast-seo-wordpress\/ -->\n<title>Dreamteam Maroc se pr\u00e9sente \ud83c\udf1f\ud83c\udf0d A propos de nous et de nos voyages<\/title>\n<meta name=\"description\" content=\"Apprenez-en plus sur Dreamteam Maroc et d\u00e9couvrez qui nous sommes et ce qui nous distingue. Nous nous pr\u00e9sentons et pr\u00e9sentons nos voyages et aventures uniques au Maroc. Plonge dans le monde fascinant de Dreamteam Maroc ! \ud83d\udc2a\ud83c\udf35\" \/>\n<meta name=\"robots\" content=\"index, follow, max-snippet:-1, max-image-preview:large, max-video-preview:-1\" \/>\n<link rel=\"canonical\" href=\"https:\/\/dreamteammaroc.com\/fr\/a-propos-de-nous\/\" \/>\n<meta property=\"og:locale\" content=\"fr_FR\" \/>\n<meta property=\"og:type\" content=\"article\" \/>\n<meta property=\"og:title\" content=\"Dreamteam Maroc se pr\u00e9sente \ud83c\udf1f\ud83c\udf0d A propos de nous et de nos voyages\" \/>\n<meta property=\"og:description\" content=\"Apprenez-en plus sur Dreamteam Maroc et d\u00e9couvrez qui nous sommes et ce qui nous distingue. Nous nous pr\u00e9sentons et pr\u00e9sentons nos voyages et aventures uniques au Maroc. Plonge dans le monde fascinant de Dreamteam Maroc ! \ud83d\udc2a\ud83c\udf35\" \/>\n<meta property=\"og:url\" content=\"https:\/\/dreamteammaroc.com\/fr\/a-propos-de-nous\/\" \/>\n<meta property=\"og:site_name\" content=\"Dreamteam Maroc\" \/>\n<meta property=\"article:modified_time\" content=\"2025-04-24T14:26:55+00:00\" \/>\n<meta property=\"og:image\" content=\"https:\/\/dreamteammaroc.com\/wp-content\/uploads\/2023\/05\/Dreamteam-Maroc-facebook-1024x538.jpg\" \/>\n<meta name=\"twitter:card\" content=\"summary_large_image\" \/>\n<meta name=\"twitter:label1\" content=\"Dur\u00e9e de lecture estim\u00e9e\" \/>\n\t<meta name=\"twitter:data1\" content=\"5 minutes\" \/>\n<script type=\"application\/ld+json\" class=\"yoast-schema-graph\">{\"@context\":\"https:\\\/\\\/schema.org\",\"@graph\":[{\"@type\":\"WebPage\",\"@id\":\"https:\\\/\\\/dreamteammaroc.com\\\/fr\\\/a-propos-de-nous\\\/\",\"url\":\"https:\\\/\\\/dreamteammaroc.com\\\/fr\\\/a-propos-de-nous\\\/\",\"name\":\"Dreamteam Maroc se pr\u00e9sente \ud83c\udf1f\ud83c\udf0d A propos de nous et de nos voyages\",\"isPartOf\":{\"@id\":\"https:\\\/\\\/dreamteammaroc.com\\\/fr\\\/#website\"},\"primaryImageOfPage\":{\"@id\":\"https:\\\/\\\/dreamteammaroc.com\\\/fr\\\/a-propos-de-nous\\\/#primaryimage\"},\"image\":{\"@id\":\"https:\\\/\\\/dreamteammaroc.com\\\/fr\\\/a-propos-de-nous\\\/#primaryimage\"},\"thumbnailUrl\":\"https:\\\/\\\/dreamteammaroc.com\\\/wp-content\\\/uploads\\\/2023\\\/05\\\/Dreamteam-Maroc-facebook.jpg\",\"datePublished\":\"2023-05-03T09:30:49+00:00\",\"dateModified\":\"2025-04-24T14:26:55+00:00\",\"description\":\"Apprenez-en plus sur Dreamteam Maroc et d\u00e9couvrez qui nous sommes et ce qui nous distingue. Nous nous pr\u00e9sentons et pr\u00e9sentons nos voyages et aventures uniques au Maroc. Plonge dans le monde fascinant de Dreamteam Maroc ! \ud83d\udc2a\ud83c\udf35\",\"breadcrumb\":{\"@id\":\"https:\\\/\\\/dreamteammaroc.com\\\/fr\\\/a-propos-de-nous\\\/#breadcrumb\"},\"inLanguage\":\"fr-FR\",\"potentialAction\":[{\"@type\":\"ReadAction\",\"target\":[\"https:\\\/\\\/dreamteammaroc.com\\\/fr\\\/a-propos-de-nous\\\/\"]}]},{\"@type\":\"ImageObject\",\"inLanguage\":\"fr-FR\",\"@id\":\"https:\\\/\\\/dreamteammaroc.com\\\/fr\\\/a-propos-de-nous\\\/#primaryimage\",\"url\":\"https:\\\/\\\/dreamteammaroc.com\\\/wp-content\\\/uploads\\\/2023\\\/05\\\/Dreamteam-Maroc-facebook.jpg\",\"contentUrl\":\"https:\\\/\\\/dreamteammaroc.com\\\/wp-content\\\/uploads\\\/2023\\\/05\\\/Dreamteam-Maroc-facebook.jpg\",\"width\":1200,\"height\":630},{\"@type\":\"BreadcrumbList\",\"@id\":\"https:\\\/\\\/dreamteammaroc.com\\\/fr\\\/a-propos-de-nous\\\/#breadcrumb\",\"itemListElement\":[{\"@type\":\"ListItem\",\"position\":1,\"name\":\"Startseite\",\"item\":\"https:\\\/\\\/dreamteammaroc.com\\\/fr\\\/dreamteam-maroc-depart\\\/\"},{\"@type\":\"ListItem\",\"position\":2,\"name\":\"\u00c0 propos de nous\"}]},{\"@type\":\"WebSite\",\"@id\":\"https:\\\/\\\/dreamteammaroc.com\\\/fr\\\/#website\",\"url\":\"https:\\\/\\\/dreamteammaroc.com\\\/fr\\\/\",\"name\":\"Dreamteam Maroc\",\"description\":\"Entdecke die faszinierende Berber-Kultur auf unseren 10-t\u00e4gigen gef\u00fchrten Touren durch Marokko.\",\"potentialAction\":[{\"@type\":\"SearchAction\",\"target\":{\"@type\":\"EntryPoint\",\"urlTemplate\":\"https:\\\/\\\/dreamteammaroc.com\\\/fr\\\/?s={search_term_string}\"},\"query-input\":{\"@type\":\"PropertyValueSpecification\",\"valueRequired\":true,\"valueName\":\"search_term_string\"}}],\"inLanguage\":\"fr-FR\"}]}<\/script>\n<!-- \/ Yoast SEO plugin. -->","yoast_head_json":{"title":"Dreamteam Maroc se pr\u00e9sente \ud83c\udf1f\ud83c\udf0d A propos de nous et de nos voyages","description":"Apprenez-en plus sur Dreamteam Maroc et d\u00e9couvrez qui nous sommes et ce qui nous distingue. Nous nous pr\u00e9sentons et pr\u00e9sentons nos voyages et aventures uniques au Maroc. Plonge dans le monde fascinant de Dreamteam Maroc ! \ud83d\udc2a\ud83c\udf35","robots":{"index":"index","follow":"follow","max-snippet":"max-snippet:-1","max-image-preview":"max-image-preview:large","max-video-preview":"max-video-preview:-1"},"canonical":"https:\/\/dreamteammaroc.com\/fr\/a-propos-de-nous\/","og_locale":"fr_FR","og_type":"article","og_title":"Dreamteam Maroc se pr\u00e9sente \ud83c\udf1f\ud83c\udf0d A propos de nous et de nos voyages","og_description":"Apprenez-en plus sur Dreamteam Maroc et d\u00e9couvrez qui nous sommes et ce qui nous distingue. Nous nous pr\u00e9sentons et pr\u00e9sentons nos voyages et aventures uniques au Maroc. Plonge dans le monde fascinant de Dreamteam Maroc ! \ud83d\udc2a\ud83c\udf35","og_url":"https:\/\/dreamteammaroc.com\/fr\/a-propos-de-nous\/","og_site_name":"Dreamteam Maroc","article_modified_time":"2025-04-24T14:26:55+00:00","og_image":[{"url":"https:\/\/dreamteammaroc.com\/wp-content\/uploads\/2023\/05\/Dreamteam-Maroc-facebook-1024x538.jpg","type":"","width":"","height":""}],"twitter_card":"summary_large_image","twitter_misc":{"Dur\u00e9e de lecture estim\u00e9e":"5 minutes"},"schema":{"@context":"https:\/\/schema.org","@graph":[{"@type":"WebPage","@id":"https:\/\/dreamteammaroc.com\/fr\/a-propos-de-nous\/","url":"https:\/\/dreamteammaroc.com\/fr\/a-propos-de-nous\/","name":"Dreamteam Maroc se pr\u00e9sente \ud83c\udf1f\ud83c\udf0d A propos de nous et de nos voyages","isPartOf":{"@id":"https:\/\/dreamteammaroc.com\/fr\/#website"},"primaryImageOfPage":{"@id":"https:\/\/dreamteammaroc.com\/fr\/a-propos-de-nous\/#primaryimage"},"image":{"@id":"https:\/\/dreamteammaroc.com\/fr\/a-propos-de-nous\/#primaryimage"},"thumbnailUrl":"https:\/\/dreamteammaroc.com\/wp-content\/uploads\/2023\/05\/Dreamteam-Maroc-facebook.jpg","datePublished":"2023-05-03T09:30:49+00:00","dateModified":"2025-04-24T14:26:55+00:00","description":"Apprenez-en plus sur Dreamteam Maroc et d\u00e9couvrez qui nous sommes et ce qui nous distingue. Nous nous pr\u00e9sentons et pr\u00e9sentons nos voyages et aventures uniques au Maroc. Plonge dans le monde fascinant de Dreamteam Maroc ! \ud83d\udc2a\ud83c\udf35","breadcrumb":{"@id":"https:\/\/dreamteammaroc.com\/fr\/a-propos-de-nous\/#breadcrumb"},"inLanguage":"fr-FR","potentialAction":[{"@type":"ReadAction","target":["https:\/\/dreamteammaroc.com\/fr\/a-propos-de-nous\/"]}]},{"@type":"ImageObject","inLanguage":"fr-FR","@id":"https:\/\/dreamteammaroc.com\/fr\/a-propos-de-nous\/#primaryimage","url":"https:\/\/dreamteammaroc.com\/wp-content\/uploads\/2023\/05\/Dreamteam-Maroc-facebook.jpg","contentUrl":"https:\/\/dreamteammaroc.com\/wp-content\/uploads\/2023\/05\/Dreamteam-Maroc-facebook.jpg","width":1200,"height":630},{"@type":"BreadcrumbList","@id":"https:\/\/dreamteammaroc.com\/fr\/a-propos-de-nous\/#breadcrumb","itemListElement":[{"@type":"ListItem","position":1,"name":"Startseite","item":"https:\/\/dreamteammaroc.com\/fr\/dreamteam-maroc-depart\/"},{"@type":"ListItem","position":2,"name":"\u00c0 propos de nous"}]},{"@type":"WebSite","@id":"https:\/\/dreamteammaroc.com\/fr\/#website","url":"https:\/\/dreamteammaroc.com\/fr\/","name":"Dreamteam Maroc","description":"Entdecke die faszinierende Berber-Kultur auf unseren 10-t\u00e4gigen gef\u00fchrten Touren durch Marokko.","potentialAction":[{"@type":"SearchAction","target":{"@type":"EntryPoint","urlTemplate":"https:\/\/dreamteammaroc.com\/fr\/?s={search_term_string}"},"query-input":{"@type":"PropertyValueSpecification","valueRequired":true,"valueName":"search_term_string"}}],"inLanguage":"fr-FR"}]}},"_links":{"self":[{"href":"https:\/\/dreamteammaroc.com\/fr\/wp-json\/wp\/v2\/pages\/892","targetHints":{"allow":["GET"]}}],"collection":[{"href":"https:\/\/dreamteammaroc.com\/fr\/wp-json\/wp\/v2\/pages"}],"about":[{"href":"https:\/\/dreamteammaroc.com\/fr\/wp-json\/wp\/v2\/types\/page"}],"author":[{"embeddable":true,"href":"https:\/\/dreamteammaroc.com\/fr\/wp-json\/wp\/v2\/users\/1"}],"replies":[{"embeddable":true,"href":"https:\/\/dreamteammaroc.com\/fr\/wp-json\/wp\/v2\/comments?post=892"}],"version-history":[{"count":10,"href":"https:\/\/dreamteammaroc.com\/fr\/wp-json\/wp\/v2\/pages\/892\/revisions"}],"predecessor-version":[{"id":1142,"href":"https:\/\/dreamteammaroc.com\/fr\/wp-json\/wp\/v2\/pages\/892\/revisions\/1142"}],"wp:featuredmedia":[{"embeddable":true,"href":"https:\/\/dreamteammaroc.com\/fr\/wp-json\/wp\/v2\/media\/841"}],"wp:attachment":[{"href":"https:\/\/dreamteammaroc.com\/fr\/wp-json\/wp\/v2\/media?parent=892"}],"curies":[{"name":"wp","href":"https:\/\/api.w.org\/{rel}","templated":true}]}}